{"id":429,"date":"2022-11-07T08:39:22","date_gmt":"2022-11-07T08:39:22","guid":{"rendered":"https:\/\/www.foodprocessingconcepts.com\/machines\/fpc-foodstyler\/"},"modified":"2024-04-16T06:58:22","modified_gmt":"2024-04-16T06:58:22","slug":"fpc-foodstyler","status":"publish","type":"page","link":"https:\/\/www.foodprocessingconcepts.com\/fr\/machines\/fpc-foodstyler\/","title":{"rendered":"FPC Foodstyler"},"content":{"rendered":"<p>Un produit \u00e0 la fois visuellement attrayant et qui permet de conserver la qualit\u00e9. D\u00e9couvrez la finesse du <strong>FPC Foodstyler<\/strong>, un produit qui vous permet d\u2019ajouter des marques de gril sur toutes sortes de produits alimentaires secs. Lignes, diamants, noms et logos : \u00e0 vous de choisir. De plus, le processus est sans contact, le produit reste donc intact et le moelleux et la saveur sont pr\u00e9serv\u00e9s.<\/p>\n","protected":false},"excerpt":{"rendered":"<p>Un produit \u00e0 la fois visuellement attrayant et qui permet de conserver la qualit\u00e9. D\u00e9couvrez la finesse du FPC Foodstyler, un produit qui vous permet d\u2019ajouter des marques de gril sur toutes sortes de produits alimentaires secs. Lignes, diamants, noms et logos : \u00e0 vous de choisir. De plus, le processus est sans contact, le [&hellip;]<\/p>\n","protected":false},"author":1,"featured_media":0,"parent":333,"menu_order":7,"comment_status":"closed","ping_status":"closed","template":"page-template\/template-flexible.php","meta":{"_acf_changed":false,"footnotes":""},"class_list":["post-429","page","type-page","status-publish","hentry"],"acf":[],"yoast_head":"<!-- This site is optimized with the Yoast SEO plugin v27.4 - https:\/\/yoast.com\/product\/yoast-seo-wordpress\/ -->\n<title>FPC Foodstyler - FPC<\/title>\n<meta name=\"robots\" content=\"index, follow, max-snippet:-1, max-image-preview:large, max-video-preview:-1\" \/>\n<link rel=\"canonical\" href=\"https:\/\/www.foodprocessingconcepts.com\/fr\/machines\/fpc-foodstyler\/\" \/>\n<meta property=\"og:locale\" content=\"fr_FR\" \/>\n<meta property=\"og:type\" content=\"article\" \/>\n<meta property=\"og:title\" content=\"FPC Foodstyler - FPC\" \/>\n<meta property=\"og:description\" content=\"Un produit \u00e0 la fois visuellement attrayant et qui permet de conserver la qualit\u00e9. D\u00e9couvrez la finesse du FPC Foodstyler, un produit qui vous permet d\u2019ajouter des marques de gril sur toutes sortes de produits alimentaires secs. Lignes, diamants, noms et logos : \u00e0 vous de choisir. De plus, le processus est sans contact, le [&hellip;]\" \/>\n<meta property=\"og:url\" content=\"https:\/\/www.foodprocessingconcepts.com\/fr\/machines\/fpc-foodstyler\/\" \/>\n<meta property=\"og:site_name\" content=\"FPC\" \/>\n<meta property=\"article:modified_time\" content=\"2024-04-16T06:58:22+00:00\" \/>\n<meta name=\"twitter:card\" content=\"summary_large_image\" \/>\n<meta name=\"twitter:label1\" content=\"Dur\u00e9e de lecture estim\u00e9e\" \/>\n\t<meta name=\"twitter:data1\" content=\"3 minutes\" \/>\n<script type=\"application\/ld+json\" class=\"yoast-schema-graph\">{\"@context\":\"https:\\\/\\\/schema.org\",\"@graph\":[{\"@type\":\"WebPage\",\"@id\":\"https:\\\/\\\/www.foodprocessingconcepts.com\\\/fr\\\/machines\\\/fpc-foodstyler\\\/\",\"url\":\"https:\\\/\\\/www.foodprocessingconcepts.com\\\/fr\\\/machines\\\/fpc-foodstyler\\\/\",\"name\":\"FPC Foodstyler - FPC\",\"isPartOf\":{\"@id\":\"https:\\\/\\\/www.foodprocessingconcepts.com\\\/#website\"},\"datePublished\":\"2022-11-07T08:39:22+00:00\",\"dateModified\":\"2024-04-16T06:58:22+00:00\",\"breadcrumb\":{\"@id\":\"https:\\\/\\\/www.foodprocessingconcepts.com\\\/fr\\\/machines\\\/fpc-foodstyler\\\/#breadcrumb\"},\"inLanguage\":\"fr-FR\",\"potentialAction\":[{\"@type\":\"ReadAction\",\"target\":[\"https:\\\/\\\/www.foodprocessingconcepts.com\\\/fr\\\/machines\\\/fpc-foodstyler\\\/\"]}]},{\"@type\":\"BreadcrumbList\",\"@id\":\"https:\\\/\\\/www.foodprocessingconcepts.com\\\/fr\\\/machines\\\/fpc-foodstyler\\\/#breadcrumb\",\"itemListElement\":[{\"@type\":\"ListItem\",\"position\":1,\"name\":\"Home\",\"item\":\"https:\\\/\\\/www.foodprocessingconcepts.com\\\/fr\\\/\"},{\"@type\":\"ListItem\",\"position\":2,\"name\":\"Machines\",\"item\":\"https:\\\/\\\/www.foodprocessingconcepts.com\\\/fr\\\/machines\\\/\"},{\"@type\":\"ListItem\",\"position\":3,\"name\":\"FPC Foodstyler\"}]},{\"@type\":\"WebSite\",\"@id\":\"https:\\\/\\\/www.foodprocessingconcepts.com\\\/#website\",\"url\":\"https:\\\/\\\/www.foodprocessingconcepts.com\\\/\",\"name\":\"FPC\",\"description\":\"\",\"potentialAction\":[{\"@type\":\"SearchAction\",\"target\":{\"@type\":\"EntryPoint\",\"urlTemplate\":\"https:\\\/\\\/www.foodprocessingconcepts.com\\\/?s={search_term_string}\"},\"query-input\":{\"@type\":\"PropertyValueSpecification\",\"valueRequired\":true,\"valueName\":\"search_term_string\"}}],\"inLanguage\":\"fr-FR\"}]}<\/script>\n<!-- \/ Yoast SEO plugin. -->","yoast_head_json":{"title":"FPC Foodstyler - FPC","robots":{"index":"index","follow":"follow","max-snippet":"max-snippet:-1","max-image-preview":"max-image-preview:large","max-video-preview":"max-video-preview:-1"},"canonical":"https:\/\/www.foodprocessingconcepts.com\/fr\/machines\/fpc-foodstyler\/","og_locale":"fr_FR","og_type":"article","og_title":"FPC Foodstyler - FPC","og_description":"Un produit \u00e0 la fois visuellement attrayant et qui permet de conserver la qualit\u00e9. D\u00e9couvrez la finesse du FPC Foodstyler, un produit qui vous permet d\u2019ajouter des marques de gril sur toutes sortes de produits alimentaires secs. Lignes, diamants, noms et logos : \u00e0 vous de choisir. De plus, le processus est sans contact, le [&hellip;]","og_url":"https:\/\/www.foodprocessingconcepts.com\/fr\/machines\/fpc-foodstyler\/","og_site_name":"FPC","article_modified_time":"2024-04-16T06:58:22+00:00","twitter_card":"summary_large_image","twitter_misc":{"Dur\u00e9e de lecture estim\u00e9e":"3 minutes"},"schema":{"@context":"https:\/\/schema.org","@graph":[{"@type":"WebPage","@id":"https:\/\/www.foodprocessingconcepts.com\/fr\/machines\/fpc-foodstyler\/","url":"https:\/\/www.foodprocessingconcepts.com\/fr\/machines\/fpc-foodstyler\/","name":"FPC Foodstyler - FPC","isPartOf":{"@id":"https:\/\/www.foodprocessingconcepts.com\/#website"},"datePublished":"2022-11-07T08:39:22+00:00","dateModified":"2024-04-16T06:58:22+00:00","breadcrumb":{"@id":"https:\/\/www.foodprocessingconcepts.com\/fr\/machines\/fpc-foodstyler\/#breadcrumb"},"inLanguage":"fr-FR","potentialAction":[{"@type":"ReadAction","target":["https:\/\/www.foodprocessingconcepts.com\/fr\/machines\/fpc-foodstyler\/"]}]},{"@type":"BreadcrumbList","@id":"https:\/\/www.foodprocessingconcepts.com\/fr\/machines\/fpc-foodstyler\/#breadcrumb","itemListElement":[{"@type":"ListItem","position":1,"name":"Home","item":"https:\/\/www.foodprocessingconcepts.com\/fr\/"},{"@type":"ListItem","position":2,"name":"Machines","item":"https:\/\/www.foodprocessingconcepts.com\/fr\/machines\/"},{"@type":"ListItem","position":3,"name":"FPC Foodstyler"}]},{"@type":"WebSite","@id":"https:\/\/www.foodprocessingconcepts.com\/#website","url":"https:\/\/www.foodprocessingconcepts.com\/","name":"FPC","description":"","potentialAction":[{"@type":"SearchAction","target":{"@type":"EntryPoint","urlTemplate":"https:\/\/www.foodprocessingconcepts.com\/?s={search_term_string}"},"query-input":{"@type":"PropertyValueSpecification","valueRequired":true,"valueName":"search_term_string"}}],"inLanguage":"fr-FR"}]}},"_links":{"self":[{"href":"https:\/\/www.foodprocessingconcepts.com\/fr\/wp-json\/wp\/v2\/pages\/429","targetHints":{"allow":["GET"]}}],"collection":[{"href":"https:\/\/www.foodprocessingconcepts.com\/fr\/wp-json\/wp\/v2\/pages"}],"about":[{"href":"https:\/\/www.foodprocessingconcepts.com\/fr\/wp-json\/wp\/v2\/types\/page"}],"author":[{"embeddable":true,"href":"https:\/\/www.foodprocessingconcepts.com\/fr\/wp-json\/wp\/v2\/users\/1"}],"replies":[{"embeddable":true,"href":"https:\/\/www.foodprocessingconcepts.com\/fr\/wp-json\/wp\/v2\/comments?post=429"}],"version-history":[{"count":2,"href":"https:\/\/www.foodprocessingconcepts.com\/fr\/wp-json\/wp\/v2\/pages\/429\/revisions"}],"predecessor-version":[{"id":1442,"href":"https:\/\/www.foodprocessingconcepts.com\/fr\/wp-json\/wp\/v2\/pages\/429\/revisions\/1442"}],"up":[{"embeddable":true,"href":"https:\/\/www.foodprocessingconcepts.com\/fr\/wp-json\/wp\/v2\/pages\/333"}],"wp:attachment":[{"href":"https:\/\/www.foodprocessingconcepts.com\/fr\/wp-json\/wp\/v2\/media?parent=429"}],"curies":[{"name":"wp","href":"https:\/\/api.w.org\/{rel}","templated":true}]}}