{"id":417,"date":"2022-11-07T08:38:48","date_gmt":"2022-11-07T08:38:48","guid":{"rendered":"https:\/\/www.foodprocessingconcepts.com\/machines\/chemicalien-en-fpc-doseerunit\/"},"modified":"2024-04-15T09:29:06","modified_gmt":"2024-04-15T09:29:06","slug":"lunite-de-dosage-fpc","status":"publish","type":"page","link":"https:\/\/www.foodprocessingconcepts.com\/fr\/machines\/lunite-de-dosage-fpc\/","title":{"rendered":"l&rsquo;unit\u00e9 de dosage FPC"},"content":{"rendered":"<p>Le nettoyage FPC sous le Clean Air Act n\u00e9cessite, en plus de l&rsquo;utilisation de l&rsquo;eau, l&rsquo;ajout de produits chimiques. Nous vendons ces produits sous notre propre marque, vous pouvez donc \u00eatre assur\u00e9 que vous utilisez toujours le bon produit. Y a-t-il plusieurs machines FPC dans votre atelier ? Avec l&rsquo;unit\u00e9 de dosage FPC, vous utilisez les produits chimiques de mani\u00e8re plus s\u00fbre et plus efficace.<\/p>\n","protected":false},"excerpt":{"rendered":"<p>Le nettoyage FPC sous le Clean Air Act n\u00e9cessite, en plus de l&rsquo;utilisation de l&rsquo;eau, l&rsquo;ajout de produits chimiques. Nous vendons ces produits sous notre propre marque, vous pouvez donc \u00eatre assur\u00e9 que vous utilisez toujours le bon produit. Y a-t-il plusieurs machines FPC dans votre atelier ? Avec l&rsquo;unit\u00e9 de dosage FPC, vous utilisez [&hellip;]<\/p>\n","protected":false},"author":1,"featured_media":0,"parent":333,"menu_order":5,"comment_status":"closed","ping_status":"closed","template":"page-template\/template-flexible.php","meta":{"_acf_changed":false,"footnotes":""},"class_list":["post-417","page","type-page","status-publish","hentry"],"acf":[],"yoast_head":"<!-- This site is optimized with the Yoast SEO plugin v27.4 - https:\/\/yoast.com\/product\/yoast-seo-wordpress\/ -->\n<title>l&#039;unit\u00e9 de dosage FPC - FPC<\/title>\n<meta name=\"robots\" content=\"index, follow, max-snippet:-1, max-image-preview:large, max-video-preview:-1\" \/>\n<link rel=\"canonical\" href=\"https:\/\/www.foodprocessingconcepts.com\/fr\/machines\/lunite-de-dosage-fpc\/\" \/>\n<meta property=\"og:locale\" content=\"fr_FR\" \/>\n<meta property=\"og:type\" content=\"article\" \/>\n<meta property=\"og:title\" content=\"l&#039;unit\u00e9 de dosage FPC - FPC\" \/>\n<meta property=\"og:description\" content=\"Le nettoyage FPC sous le Clean Air Act n\u00e9cessite, en plus de l&rsquo;utilisation de l&rsquo;eau, l&rsquo;ajout de produits chimiques. Nous vendons ces produits sous notre propre marque, vous pouvez donc \u00eatre assur\u00e9 que vous utilisez toujours le bon produit. Y a-t-il plusieurs machines FPC dans votre atelier ? Avec l&rsquo;unit\u00e9 de dosage FPC, vous utilisez [&hellip;]\" \/>\n<meta property=\"og:url\" content=\"https:\/\/www.foodprocessingconcepts.com\/fr\/machines\/lunite-de-dosage-fpc\/\" \/>\n<meta property=\"og:site_name\" content=\"FPC\" \/>\n<meta property=\"article:modified_time\" content=\"2024-04-15T09:29:06+00:00\" \/>\n<meta name=\"twitter:card\" content=\"summary_large_image\" \/>\n<meta name=\"twitter:label1\" content=\"Dur\u00e9e de lecture estim\u00e9e\" \/>\n\t<meta name=\"twitter:data1\" content=\"2 minutes\" \/>\n<script type=\"application\/ld+json\" class=\"yoast-schema-graph\">{\"@context\":\"https:\\\/\\\/schema.org\",\"@graph\":[{\"@type\":\"WebPage\",\"@id\":\"https:\\\/\\\/www.foodprocessingconcepts.com\\\/fr\\\/machines\\\/lunite-de-dosage-fpc\\\/\",\"url\":\"https:\\\/\\\/www.foodprocessingconcepts.com\\\/fr\\\/machines\\\/lunite-de-dosage-fpc\\\/\",\"name\":\"l'unit\u00e9 de dosage FPC - FPC\",\"isPartOf\":{\"@id\":\"https:\\\/\\\/www.foodprocessingconcepts.com\\\/#website\"},\"datePublished\":\"2022-11-07T08:38:48+00:00\",\"dateModified\":\"2024-04-15T09:29:06+00:00\",\"breadcrumb\":{\"@id\":\"https:\\\/\\\/www.foodprocessingconcepts.com\\\/fr\\\/machines\\\/lunite-de-dosage-fpc\\\/#breadcrumb\"},\"inLanguage\":\"fr-FR\",\"potentialAction\":[{\"@type\":\"ReadAction\",\"target\":[\"https:\\\/\\\/www.foodprocessingconcepts.com\\\/fr\\\/machines\\\/lunite-de-dosage-fpc\\\/\"]}]},{\"@type\":\"BreadcrumbList\",\"@id\":\"https:\\\/\\\/www.foodprocessingconcepts.com\\\/fr\\\/machines\\\/lunite-de-dosage-fpc\\\/#breadcrumb\",\"itemListElement\":[{\"@type\":\"ListItem\",\"position\":1,\"name\":\"Home\",\"item\":\"https:\\\/\\\/www.foodprocessingconcepts.com\\\/fr\\\/\"},{\"@type\":\"ListItem\",\"position\":2,\"name\":\"Machines\",\"item\":\"https:\\\/\\\/www.foodprocessingconcepts.com\\\/fr\\\/machines\\\/\"},{\"@type\":\"ListItem\",\"position\":3,\"name\":\"l&rsquo;unit\u00e9 de dosage FPC\"}]},{\"@type\":\"WebSite\",\"@id\":\"https:\\\/\\\/www.foodprocessingconcepts.com\\\/#website\",\"url\":\"https:\\\/\\\/www.foodprocessingconcepts.com\\\/\",\"name\":\"FPC\",\"description\":\"\",\"potentialAction\":[{\"@type\":\"SearchAction\",\"target\":{\"@type\":\"EntryPoint\",\"urlTemplate\":\"https:\\\/\\\/www.foodprocessingconcepts.com\\\/?s={search_term_string}\"},\"query-input\":{\"@type\":\"PropertyValueSpecification\",\"valueRequired\":true,\"valueName\":\"search_term_string\"}}],\"inLanguage\":\"fr-FR\"}]}<\/script>\n<!-- \/ Yoast SEO plugin. -->","yoast_head_json":{"title":"l'unit\u00e9 de dosage FPC - FPC","robots":{"index":"index","follow":"follow","max-snippet":"max-snippet:-1","max-image-preview":"max-image-preview:large","max-video-preview":"max-video-preview:-1"},"canonical":"https:\/\/www.foodprocessingconcepts.com\/fr\/machines\/lunite-de-dosage-fpc\/","og_locale":"fr_FR","og_type":"article","og_title":"l'unit\u00e9 de dosage FPC - FPC","og_description":"Le nettoyage FPC sous le Clean Air Act n\u00e9cessite, en plus de l&rsquo;utilisation de l&rsquo;eau, l&rsquo;ajout de produits chimiques. Nous vendons ces produits sous notre propre marque, vous pouvez donc \u00eatre assur\u00e9 que vous utilisez toujours le bon produit. Y a-t-il plusieurs machines FPC dans votre atelier ? Avec l&rsquo;unit\u00e9 de dosage FPC, vous utilisez [&hellip;]","og_url":"https:\/\/www.foodprocessingconcepts.com\/fr\/machines\/lunite-de-dosage-fpc\/","og_site_name":"FPC","article_modified_time":"2024-04-15T09:29:06+00:00","twitter_card":"summary_large_image","twitter_misc":{"Dur\u00e9e de lecture estim\u00e9e":"2 minutes"},"schema":{"@context":"https:\/\/schema.org","@graph":[{"@type":"WebPage","@id":"https:\/\/www.foodprocessingconcepts.com\/fr\/machines\/lunite-de-dosage-fpc\/","url":"https:\/\/www.foodprocessingconcepts.com\/fr\/machines\/lunite-de-dosage-fpc\/","name":"l'unit\u00e9 de dosage FPC - FPC","isPartOf":{"@id":"https:\/\/www.foodprocessingconcepts.com\/#website"},"datePublished":"2022-11-07T08:38:48+00:00","dateModified":"2024-04-15T09:29:06+00:00","breadcrumb":{"@id":"https:\/\/www.foodprocessingconcepts.com\/fr\/machines\/lunite-de-dosage-fpc\/#breadcrumb"},"inLanguage":"fr-FR","potentialAction":[{"@type":"ReadAction","target":["https:\/\/www.foodprocessingconcepts.com\/fr\/machines\/lunite-de-dosage-fpc\/"]}]},{"@type":"BreadcrumbList","@id":"https:\/\/www.foodprocessingconcepts.com\/fr\/machines\/lunite-de-dosage-fpc\/#breadcrumb","itemListElement":[{"@type":"ListItem","position":1,"name":"Home","item":"https:\/\/www.foodprocessingconcepts.com\/fr\/"},{"@type":"ListItem","position":2,"name":"Machines","item":"https:\/\/www.foodprocessingconcepts.com\/fr\/machines\/"},{"@type":"ListItem","position":3,"name":"l&rsquo;unit\u00e9 de dosage FPC"}]},{"@type":"WebSite","@id":"https:\/\/www.foodprocessingconcepts.com\/#website","url":"https:\/\/www.foodprocessingconcepts.com\/","name":"FPC","description":"","potentialAction":[{"@type":"SearchAction","target":{"@type":"EntryPoint","urlTemplate":"https:\/\/www.foodprocessingconcepts.com\/?s={search_term_string}"},"query-input":{"@type":"PropertyValueSpecification","valueRequired":true,"valueName":"search_term_string"}}],"inLanguage":"fr-FR"}]}},"_links":{"self":[{"href":"https:\/\/www.foodprocessingconcepts.com\/fr\/wp-json\/wp\/v2\/pages\/417","targetHints":{"allow":["GET"]}}],"collection":[{"href":"https:\/\/www.foodprocessingconcepts.com\/fr\/wp-json\/wp\/v2\/pages"}],"about":[{"href":"https:\/\/www.foodprocessingconcepts.com\/fr\/wp-json\/wp\/v2\/types\/page"}],"author":[{"embeddable":true,"href":"https:\/\/www.foodprocessingconcepts.com\/fr\/wp-json\/wp\/v2\/users\/1"}],"replies":[{"embeddable":true,"href":"https:\/\/www.foodprocessingconcepts.com\/fr\/wp-json\/wp\/v2\/comments?post=417"}],"version-history":[{"count":2,"href":"https:\/\/www.foodprocessingconcepts.com\/fr\/wp-json\/wp\/v2\/pages\/417\/revisions"}],"predecessor-version":[{"id":1417,"href":"https:\/\/www.foodprocessingconcepts.com\/fr\/wp-json\/wp\/v2\/pages\/417\/revisions\/1417"}],"up":[{"embeddable":true,"href":"https:\/\/www.foodprocessingconcepts.com\/fr\/wp-json\/wp\/v2\/pages\/333"}],"wp:attachment":[{"href":"https:\/\/www.foodprocessingconcepts.com\/fr\/wp-json\/wp\/v2\/media?parent=417"}],"curies":[{"name":"wp","href":"https:\/\/api.w.org\/{rel}","templated":true}]}}