{"id":341,"date":"2022-11-07T08:37:45","date_gmt":"2022-11-07T08:37:45","guid":{"rendered":"https:\/\/www.foodprocessingconcepts.com\/machines\/fpc-clean-air-act\/"},"modified":"2024-03-28T10:50:11","modified_gmt":"2024-03-28T10:50:11","slug":"fpc-clean-air-act","status":"publish","type":"page","link":"https:\/\/www.foodprocessingconcepts.com\/fr\/machines\/fpc-clean-air-act\/","title":{"rendered":"FPC Clean Air Act"},"content":{"rendered":"<p><strong>FPC Clean Air Act<\/strong>: la machine qui a tout d\u00e9clench\u00e9 en 2005. Aujourd&rsquo;hui, cette version constitue toujours la base de tous les syst\u00e8mes et ce, pour de bonnes raisons. Un ventilateur \u00e0 variation continue extrait l&rsquo;air et filtre ensuite les porteurs d&rsquo;odeurs et les particules de graisse. La performance du ventilateur se situe \u00e0 un niveau tel que vous pouvez assurer un nettoyage complet des vapeurs de cuisson avec cette seule machine.<\/p>\n","protected":false},"excerpt":{"rendered":"<p>FPC Clean Air Act: la machine qui a tout d\u00e9clench\u00e9 en 2005. Aujourd&rsquo;hui, cette version constitue toujours la base de tous les syst\u00e8mes et ce, pour de bonnes raisons. Un ventilateur \u00e0 variation continue extrait l&rsquo;air et filtre ensuite les porteurs d&rsquo;odeurs et les particules de graisse. La performance du ventilateur se situe \u00e0 un [&hellip;]<\/p>\n","protected":false},"author":1,"featured_media":0,"parent":333,"menu_order":1,"comment_status":"closed","ping_status":"closed","template":"page-template\/template-single-machine-layout.php","meta":{"_acf_changed":false,"footnotes":""},"class_list":["post-341","page","type-page","status-publish","hentry"],"acf":[],"yoast_head":"<!-- This site is optimized with the Yoast SEO plugin v27.5 - https:\/\/yoast.com\/product\/yoast-seo-wordpress\/ -->\n<title>FPC Clean Air Act - FPC<\/title>\n<meta name=\"robots\" content=\"index, follow, max-snippet:-1, max-image-preview:large, max-video-preview:-1\" \/>\n<link rel=\"canonical\" href=\"https:\/\/www.foodprocessingconcepts.com\/fr\/machines\/fpc-clean-air-act\/\" \/>\n<meta property=\"og:locale\" content=\"fr_FR\" \/>\n<meta property=\"og:type\" content=\"article\" \/>\n<meta property=\"og:title\" content=\"FPC Clean Air Act - FPC\" \/>\n<meta property=\"og:description\" content=\"FPC Clean Air Act: la machine qui a tout d\u00e9clench\u00e9 en 2005. Aujourd&rsquo;hui, cette version constitue toujours la base de tous les syst\u00e8mes et ce, pour de bonnes raisons. Un ventilateur \u00e0 variation continue extrait l&rsquo;air et filtre ensuite les porteurs d&rsquo;odeurs et les particules de graisse. La performance du ventilateur se situe \u00e0 un [&hellip;]\" \/>\n<meta property=\"og:url\" content=\"https:\/\/www.foodprocessingconcepts.com\/fr\/machines\/fpc-clean-air-act\/\" \/>\n<meta property=\"og:site_name\" content=\"FPC\" \/>\n<meta property=\"article:modified_time\" content=\"2024-03-28T10:50:11+00:00\" \/>\n<meta name=\"twitter:card\" content=\"summary_large_image\" \/>\n<meta name=\"twitter:label1\" content=\"Dur\u00e9e de lecture estim\u00e9e\" \/>\n\t<meta name=\"twitter:data1\" content=\"3 minutes\" \/>\n<script type=\"application\/ld+json\" class=\"yoast-schema-graph\">{\"@context\":\"https:\\\/\\\/schema.org\",\"@graph\":[{\"@type\":\"WebPage\",\"@id\":\"https:\\\/\\\/www.foodprocessingconcepts.com\\\/fr\\\/machines\\\/fpc-clean-air-act\\\/\",\"url\":\"https:\\\/\\\/www.foodprocessingconcepts.com\\\/fr\\\/machines\\\/fpc-clean-air-act\\\/\",\"name\":\"FPC Clean Air Act - FPC\",\"isPartOf\":{\"@id\":\"https:\\\/\\\/www.foodprocessingconcepts.com\\\/#website\"},\"datePublished\":\"2022-11-07T08:37:45+00:00\",\"dateModified\":\"2024-03-28T10:50:11+00:00\",\"breadcrumb\":{\"@id\":\"https:\\\/\\\/www.foodprocessingconcepts.com\\\/fr\\\/machines\\\/fpc-clean-air-act\\\/#breadcrumb\"},\"inLanguage\":\"fr-FR\",\"potentialAction\":[{\"@type\":\"ReadAction\",\"target\":[\"https:\\\/\\\/www.foodprocessingconcepts.com\\\/fr\\\/machines\\\/fpc-clean-air-act\\\/\"]}]},{\"@type\":\"BreadcrumbList\",\"@id\":\"https:\\\/\\\/www.foodprocessingconcepts.com\\\/fr\\\/machines\\\/fpc-clean-air-act\\\/#breadcrumb\",\"itemListElement\":[{\"@type\":\"ListItem\",\"position\":1,\"name\":\"Home\",\"item\":\"https:\\\/\\\/www.foodprocessingconcepts.com\\\/fr\\\/\"},{\"@type\":\"ListItem\",\"position\":2,\"name\":\"Machines\",\"item\":\"https:\\\/\\\/www.foodprocessingconcepts.com\\\/fr\\\/machines\\\/\"},{\"@type\":\"ListItem\",\"position\":3,\"name\":\"FPC Clean Air Act\"}]},{\"@type\":\"WebSite\",\"@id\":\"https:\\\/\\\/www.foodprocessingconcepts.com\\\/#website\",\"url\":\"https:\\\/\\\/www.foodprocessingconcepts.com\\\/\",\"name\":\"FPC\",\"description\":\"\",\"potentialAction\":[{\"@type\":\"SearchAction\",\"target\":{\"@type\":\"EntryPoint\",\"urlTemplate\":\"https:\\\/\\\/www.foodprocessingconcepts.com\\\/?s={search_term_string}\"},\"query-input\":{\"@type\":\"PropertyValueSpecification\",\"valueRequired\":true,\"valueName\":\"search_term_string\"}}],\"inLanguage\":\"fr-FR\"}]}<\/script>\n<!-- \/ Yoast SEO plugin. -->","yoast_head_json":{"title":"FPC Clean Air Act - FPC","robots":{"index":"index","follow":"follow","max-snippet":"max-snippet:-1","max-image-preview":"max-image-preview:large","max-video-preview":"max-video-preview:-1"},"canonical":"https:\/\/www.foodprocessingconcepts.com\/fr\/machines\/fpc-clean-air-act\/","og_locale":"fr_FR","og_type":"article","og_title":"FPC Clean Air Act - FPC","og_description":"FPC Clean Air Act: la machine qui a tout d\u00e9clench\u00e9 en 2005. Aujourd&rsquo;hui, cette version constitue toujours la base de tous les syst\u00e8mes et ce, pour de bonnes raisons. Un ventilateur \u00e0 variation continue extrait l&rsquo;air et filtre ensuite les porteurs d&rsquo;odeurs et les particules de graisse. La performance du ventilateur se situe \u00e0 un [&hellip;]","og_url":"https:\/\/www.foodprocessingconcepts.com\/fr\/machines\/fpc-clean-air-act\/","og_site_name":"FPC","article_modified_time":"2024-03-28T10:50:11+00:00","twitter_card":"summary_large_image","twitter_misc":{"Dur\u00e9e de lecture estim\u00e9e":"3 minutes"},"schema":{"@context":"https:\/\/schema.org","@graph":[{"@type":"WebPage","@id":"https:\/\/www.foodprocessingconcepts.com\/fr\/machines\/fpc-clean-air-act\/","url":"https:\/\/www.foodprocessingconcepts.com\/fr\/machines\/fpc-clean-air-act\/","name":"FPC Clean Air Act - FPC","isPartOf":{"@id":"https:\/\/www.foodprocessingconcepts.com\/#website"},"datePublished":"2022-11-07T08:37:45+00:00","dateModified":"2024-03-28T10:50:11+00:00","breadcrumb":{"@id":"https:\/\/www.foodprocessingconcepts.com\/fr\/machines\/fpc-clean-air-act\/#breadcrumb"},"inLanguage":"fr-FR","potentialAction":[{"@type":"ReadAction","target":["https:\/\/www.foodprocessingconcepts.com\/fr\/machines\/fpc-clean-air-act\/"]}]},{"@type":"BreadcrumbList","@id":"https:\/\/www.foodprocessingconcepts.com\/fr\/machines\/fpc-clean-air-act\/#breadcrumb","itemListElement":[{"@type":"ListItem","position":1,"name":"Home","item":"https:\/\/www.foodprocessingconcepts.com\/fr\/"},{"@type":"ListItem","position":2,"name":"Machines","item":"https:\/\/www.foodprocessingconcepts.com\/fr\/machines\/"},{"@type":"ListItem","position":3,"name":"FPC Clean Air Act"}]},{"@type":"WebSite","@id":"https:\/\/www.foodprocessingconcepts.com\/#website","url":"https:\/\/www.foodprocessingconcepts.com\/","name":"FPC","description":"","potentialAction":[{"@type":"SearchAction","target":{"@type":"EntryPoint","urlTemplate":"https:\/\/www.foodprocessingconcepts.com\/?s={search_term_string}"},"query-input":{"@type":"PropertyValueSpecification","valueRequired":true,"valueName":"search_term_string"}}],"inLanguage":"fr-FR"}]}},"_links":{"self":[{"href":"https:\/\/www.foodprocessingconcepts.com\/fr\/wp-json\/wp\/v2\/pages\/341","targetHints":{"allow":["GET"]}}],"collection":[{"href":"https:\/\/www.foodprocessingconcepts.com\/fr\/wp-json\/wp\/v2\/pages"}],"about":[{"href":"https:\/\/www.foodprocessingconcepts.com\/fr\/wp-json\/wp\/v2\/types\/page"}],"author":[{"embeddable":true,"href":"https:\/\/www.foodprocessingconcepts.com\/fr\/wp-json\/wp\/v2\/users\/1"}],"replies":[{"embeddable":true,"href":"https:\/\/www.foodprocessingconcepts.com\/fr\/wp-json\/wp\/v2\/comments?post=341"}],"version-history":[{"count":0,"href":"https:\/\/www.foodprocessingconcepts.com\/fr\/wp-json\/wp\/v2\/pages\/341\/revisions"}],"up":[{"embeddable":true,"href":"https:\/\/www.foodprocessingconcepts.com\/fr\/wp-json\/wp\/v2\/pages\/333"}],"wp:attachment":[{"href":"https:\/\/www.foodprocessingconcepts.com\/fr\/wp-json\/wp\/v2\/media?parent=341"}],"curies":[{"name":"wp","href":"https:\/\/api.w.org\/{rel}","templated":true}]}}