{"id":433,"date":"2022-11-07T08:39:22","date_gmt":"2022-11-07T08:39:22","guid":{"rendered":"https:\/\/www.foodprocessingconcepts.com\/machines\/fpc-foodstyler\/"},"modified":"2024-04-16T07:01:50","modified_gmt":"2024-04-16T07:01:50","slug":"fpc-foodstyler","status":"publish","type":"page","link":"https:\/\/www.foodprocessingconcepts.com\/es\/maquinas\/fpc-foodstyler\/","title":{"rendered":"FPC Foodstyler"},"content":{"rendered":"<p>Un producto visualmente atractivo que mantiene la calidad. Descubra la delicadeza del <strong>FPC Foodstyler<\/strong>, con el que se pueden a\u00f1adir marcas de parrilla a todo tipo de alimentos secos. L\u00edneas, rombos, nombres y logotipos: usted elige. Adem\u00e1s, el proceso se realiza sin contacto, por lo que el producto no se toca y se conservan la humedad y el sabor.<\/p>\n","protected":false},"excerpt":{"rendered":"<p>Un producto visualmente atractivo que mantiene la calidad. Descubra la delicadeza del FPC Foodstyler, con el que se pueden a\u00f1adir marcas de parrilla a todo tipo de alimentos secos. L\u00edneas, rombos, nombres y logotipos: usted elige. Adem\u00e1s, el proceso se realiza sin contacto, por lo que el producto no se toca y se conservan la [&hellip;]<\/p>\n","protected":false},"author":1,"featured_media":0,"parent":337,"menu_order":7,"comment_status":"closed","ping_status":"closed","template":"page-template\/template-flexible.php","meta":{"_acf_changed":false,"footnotes":""},"class_list":["post-433","page","type-page","status-publish","hentry"],"acf":[],"yoast_head":"<!-- This site is optimized with the Yoast SEO plugin v27.5 - https:\/\/yoast.com\/product\/yoast-seo-wordpress\/ -->\n<title>FPC Foodstyler - FPC<\/title>\n<meta name=\"robots\" content=\"index, follow, max-snippet:-1, max-image-preview:large, max-video-preview:-1\" \/>\n<link rel=\"canonical\" href=\"https:\/\/www.foodprocessingconcepts.com\/es\/maquinas\/fpc-foodstyler\/\" \/>\n<meta property=\"og:locale\" content=\"es_ES\" \/>\n<meta property=\"og:type\" content=\"article\" \/>\n<meta property=\"og:title\" content=\"FPC Foodstyler - FPC\" \/>\n<meta property=\"og:description\" content=\"Un producto visualmente atractivo que mantiene la calidad. Descubra la delicadeza del FPC Foodstyler, con el que se pueden a\u00f1adir marcas de parrilla a todo tipo de alimentos secos. L\u00edneas, rombos, nombres y logotipos: usted elige. Adem\u00e1s, el proceso se realiza sin contacto, por lo que el producto no se toca y se conservan la [&hellip;]\" \/>\n<meta property=\"og:url\" content=\"https:\/\/www.foodprocessingconcepts.com\/es\/maquinas\/fpc-foodstyler\/\" \/>\n<meta property=\"og:site_name\" content=\"FPC\" \/>\n<meta property=\"article:modified_time\" content=\"2024-04-16T07:01:50+00:00\" \/>\n<meta name=\"twitter:card\" content=\"summary_large_image\" \/>\n<meta name=\"twitter:label1\" content=\"Tiempo de lectura\" \/>\n\t<meta name=\"twitter:data1\" content=\"2 minutos\" \/>\n<script type=\"application\/ld+json\" class=\"yoast-schema-graph\">{\"@context\":\"https:\\\/\\\/schema.org\",\"@graph\":[{\"@type\":\"WebPage\",\"@id\":\"https:\\\/\\\/www.foodprocessingconcepts.com\\\/es\\\/maquinas\\\/fpc-foodstyler\\\/\",\"url\":\"https:\\\/\\\/www.foodprocessingconcepts.com\\\/es\\\/maquinas\\\/fpc-foodstyler\\\/\",\"name\":\"FPC Foodstyler - FPC\",\"isPartOf\":{\"@id\":\"https:\\\/\\\/www.foodprocessingconcepts.com\\\/#website\"},\"datePublished\":\"2022-11-07T08:39:22+00:00\",\"dateModified\":\"2024-04-16T07:01:50+00:00\",\"breadcrumb\":{\"@id\":\"https:\\\/\\\/www.foodprocessingconcepts.com\\\/es\\\/maquinas\\\/fpc-foodstyler\\\/#breadcrumb\"},\"inLanguage\":\"es\",\"potentialAction\":[{\"@type\":\"ReadAction\",\"target\":[\"https:\\\/\\\/www.foodprocessingconcepts.com\\\/es\\\/maquinas\\\/fpc-foodstyler\\\/\"]}]},{\"@type\":\"BreadcrumbList\",\"@id\":\"https:\\\/\\\/www.foodprocessingconcepts.com\\\/es\\\/maquinas\\\/fpc-foodstyler\\\/#breadcrumb\",\"itemListElement\":[{\"@type\":\"ListItem\",\"position\":1,\"name\":\"Home\",\"item\":\"https:\\\/\\\/www.foodprocessingconcepts.com\\\/es\\\/\"},{\"@type\":\"ListItem\",\"position\":2,\"name\":\"M\u00e1quinas\",\"item\":\"https:\\\/\\\/www.foodprocessingconcepts.com\\\/es\\\/maquinas\\\/\"},{\"@type\":\"ListItem\",\"position\":3,\"name\":\"FPC Foodstyler\"}]},{\"@type\":\"WebSite\",\"@id\":\"https:\\\/\\\/www.foodprocessingconcepts.com\\\/#website\",\"url\":\"https:\\\/\\\/www.foodprocessingconcepts.com\\\/\",\"name\":\"FPC\",\"description\":\"\",\"potentialAction\":[{\"@type\":\"SearchAction\",\"target\":{\"@type\":\"EntryPoint\",\"urlTemplate\":\"https:\\\/\\\/www.foodprocessingconcepts.com\\\/?s={search_term_string}\"},\"query-input\":{\"@type\":\"PropertyValueSpecification\",\"valueRequired\":true,\"valueName\":\"search_term_string\"}}],\"inLanguage\":\"es\"}]}<\/script>\n<!-- \/ Yoast SEO plugin. -->","yoast_head_json":{"title":"FPC Foodstyler - FPC","robots":{"index":"index","follow":"follow","max-snippet":"max-snippet:-1","max-image-preview":"max-image-preview:large","max-video-preview":"max-video-preview:-1"},"canonical":"https:\/\/www.foodprocessingconcepts.com\/es\/maquinas\/fpc-foodstyler\/","og_locale":"es_ES","og_type":"article","og_title":"FPC Foodstyler - FPC","og_description":"Un producto visualmente atractivo que mantiene la calidad. Descubra la delicadeza del FPC Foodstyler, con el que se pueden a\u00f1adir marcas de parrilla a todo tipo de alimentos secos. L\u00edneas, rombos, nombres y logotipos: usted elige. Adem\u00e1s, el proceso se realiza sin contacto, por lo que el producto no se toca y se conservan la [&hellip;]","og_url":"https:\/\/www.foodprocessingconcepts.com\/es\/maquinas\/fpc-foodstyler\/","og_site_name":"FPC","article_modified_time":"2024-04-16T07:01:50+00:00","twitter_card":"summary_large_image","twitter_misc":{"Tiempo de lectura":"2 minutos"},"schema":{"@context":"https:\/\/schema.org","@graph":[{"@type":"WebPage","@id":"https:\/\/www.foodprocessingconcepts.com\/es\/maquinas\/fpc-foodstyler\/","url":"https:\/\/www.foodprocessingconcepts.com\/es\/maquinas\/fpc-foodstyler\/","name":"FPC Foodstyler - FPC","isPartOf":{"@id":"https:\/\/www.foodprocessingconcepts.com\/#website"},"datePublished":"2022-11-07T08:39:22+00:00","dateModified":"2024-04-16T07:01:50+00:00","breadcrumb":{"@id":"https:\/\/www.foodprocessingconcepts.com\/es\/maquinas\/fpc-foodstyler\/#breadcrumb"},"inLanguage":"es","potentialAction":[{"@type":"ReadAction","target":["https:\/\/www.foodprocessingconcepts.com\/es\/maquinas\/fpc-foodstyler\/"]}]},{"@type":"BreadcrumbList","@id":"https:\/\/www.foodprocessingconcepts.com\/es\/maquinas\/fpc-foodstyler\/#breadcrumb","itemListElement":[{"@type":"ListItem","position":1,"name":"Home","item":"https:\/\/www.foodprocessingconcepts.com\/es\/"},{"@type":"ListItem","position":2,"name":"M\u00e1quinas","item":"https:\/\/www.foodprocessingconcepts.com\/es\/maquinas\/"},{"@type":"ListItem","position":3,"name":"FPC Foodstyler"}]},{"@type":"WebSite","@id":"https:\/\/www.foodprocessingconcepts.com\/#website","url":"https:\/\/www.foodprocessingconcepts.com\/","name":"FPC","description":"","potentialAction":[{"@type":"SearchAction","target":{"@type":"EntryPoint","urlTemplate":"https:\/\/www.foodprocessingconcepts.com\/?s={search_term_string}"},"query-input":{"@type":"PropertyValueSpecification","valueRequired":true,"valueName":"search_term_string"}}],"inLanguage":"es"}]}},"_links":{"self":[{"href":"https:\/\/www.foodprocessingconcepts.com\/es\/wp-json\/wp\/v2\/pages\/433","targetHints":{"allow":["GET"]}}],"collection":[{"href":"https:\/\/www.foodprocessingconcepts.com\/es\/wp-json\/wp\/v2\/pages"}],"about":[{"href":"https:\/\/www.foodprocessingconcepts.com\/es\/wp-json\/wp\/v2\/types\/page"}],"author":[{"embeddable":true,"href":"https:\/\/www.foodprocessingconcepts.com\/es\/wp-json\/wp\/v2\/users\/1"}],"replies":[{"embeddable":true,"href":"https:\/\/www.foodprocessingconcepts.com\/es\/wp-json\/wp\/v2\/comments?post=433"}],"version-history":[{"count":2,"href":"https:\/\/www.foodprocessingconcepts.com\/es\/wp-json\/wp\/v2\/pages\/433\/revisions"}],"predecessor-version":[{"id":1445,"href":"https:\/\/www.foodprocessingconcepts.com\/es\/wp-json\/wp\/v2\/pages\/433\/revisions\/1445"}],"up":[{"embeddable":true,"href":"https:\/\/www.foodprocessingconcepts.com\/es\/wp-json\/wp\/v2\/pages\/337"}],"wp:attachment":[{"href":"https:\/\/www.foodprocessingconcepts.com\/es\/wp-json\/wp\/v2\/media?parent=433"}],"curies":[{"name":"wp","href":"https:\/\/api.w.org\/{rel}","templated":true}]}}