{"id":426,"date":"2022-11-07T08:39:02","date_gmt":"2022-11-07T08:39:02","guid":{"rendered":"https:\/\/www.foodprocessingconcepts.com\/machines\/heffen-en-kiepen-opvoeren-en-trillen\/"},"modified":"2024-03-25T11:05:02","modified_gmt":"2024-03-25T11:05:02","slug":"elevacion-e-inclinacion-alimentacion-y-vibracion","status":"publish","type":"page","link":"https:\/\/www.foodprocessingconcepts.com\/es\/maquinas\/elevacion-e-inclinacion-alimentacion-y-vibracion\/","title":{"rendered":"Elevaci\u00f3n e inclinaci\u00f3n, alimentaci\u00f3n y vibraci\u00f3n"},"content":{"rendered":"<p>Mejore y acelere su proceso de producci\u00f3n en la elaboraci\u00f3n de alimentos con instalaciones FPC. <strong>Elevaci\u00f3n e inclinaci\u00f3n, alimentaci\u00f3n y vibraci\u00f3n<\/strong>: todo funciona muy bien y en buenas condiciones higi\u00e9nicas.<\/p>\n","protected":false},"excerpt":{"rendered":"<p>Mejore y acelere su proceso de producci\u00f3n en la elaboraci\u00f3n de alimentos con instalaciones FPC. Elevaci\u00f3n e inclinaci\u00f3n, alimentaci\u00f3n y vibraci\u00f3n: todo funciona muy bien y en buenas condiciones higi\u00e9nicas.<\/p>\n","protected":false},"author":1,"featured_media":0,"parent":337,"menu_order":6,"comment_status":"closed","ping_status":"closed","template":"page-template\/template-flexible.php","meta":{"_acf_changed":false,"footnotes":""},"class_list":["post-426","page","type-page","status-publish","hentry"],"acf":[],"yoast_head":"<!-- This site is optimized with the Yoast SEO plugin v27.5 - https:\/\/yoast.com\/product\/yoast-seo-wordpress\/ -->\n<title>Elevaci\u00f3n e inclinaci\u00f3n, alimentaci\u00f3n y vibraci\u00f3n - FPC<\/title>\n<meta name=\"robots\" content=\"index, follow, max-snippet:-1, max-image-preview:large, max-video-preview:-1\" \/>\n<link rel=\"canonical\" href=\"https:\/\/www.foodprocessingconcepts.com\/es\/maquinas\/elevacion-e-inclinacion-alimentacion-y-vibracion\/\" \/>\n<meta property=\"og:locale\" content=\"es_ES\" \/>\n<meta property=\"og:type\" content=\"article\" \/>\n<meta property=\"og:title\" content=\"Elevaci\u00f3n e inclinaci\u00f3n, alimentaci\u00f3n y vibraci\u00f3n - FPC\" \/>\n<meta property=\"og:description\" content=\"Mejore y acelere su proceso de producci\u00f3n en la elaboraci\u00f3n de alimentos con instalaciones FPC. Elevaci\u00f3n e inclinaci\u00f3n, alimentaci\u00f3n y vibraci\u00f3n: todo funciona muy bien y en buenas condiciones higi\u00e9nicas.\" \/>\n<meta property=\"og:url\" content=\"https:\/\/www.foodprocessingconcepts.com\/es\/maquinas\/elevacion-e-inclinacion-alimentacion-y-vibracion\/\" \/>\n<meta property=\"og:site_name\" content=\"FPC\" \/>\n<meta property=\"article:modified_time\" content=\"2024-03-25T11:05:02+00:00\" \/>\n<meta name=\"twitter:card\" content=\"summary_large_image\" \/>\n<meta name=\"twitter:label1\" content=\"Tiempo de lectura\" \/>\n\t<meta name=\"twitter:data1\" content=\"2 minutos\" \/>\n<script type=\"application\/ld+json\" class=\"yoast-schema-graph\">{\"@context\":\"https:\\\/\\\/schema.org\",\"@graph\":[{\"@type\":\"WebPage\",\"@id\":\"https:\\\/\\\/www.foodprocessingconcepts.com\\\/es\\\/maquinas\\\/elevacion-e-inclinacion-alimentacion-y-vibracion\\\/\",\"url\":\"https:\\\/\\\/www.foodprocessingconcepts.com\\\/es\\\/maquinas\\\/elevacion-e-inclinacion-alimentacion-y-vibracion\\\/\",\"name\":\"Elevaci\u00f3n e inclinaci\u00f3n, alimentaci\u00f3n y vibraci\u00f3n - FPC\",\"isPartOf\":{\"@id\":\"https:\\\/\\\/www.foodprocessingconcepts.com\\\/#website\"},\"datePublished\":\"2022-11-07T08:39:02+00:00\",\"dateModified\":\"2024-03-25T11:05:02+00:00\",\"breadcrumb\":{\"@id\":\"https:\\\/\\\/www.foodprocessingconcepts.com\\\/es\\\/maquinas\\\/elevacion-e-inclinacion-alimentacion-y-vibracion\\\/#breadcrumb\"},\"inLanguage\":\"es\",\"potentialAction\":[{\"@type\":\"ReadAction\",\"target\":[\"https:\\\/\\\/www.foodprocessingconcepts.com\\\/es\\\/maquinas\\\/elevacion-e-inclinacion-alimentacion-y-vibracion\\\/\"]}]},{\"@type\":\"BreadcrumbList\",\"@id\":\"https:\\\/\\\/www.foodprocessingconcepts.com\\\/es\\\/maquinas\\\/elevacion-e-inclinacion-alimentacion-y-vibracion\\\/#breadcrumb\",\"itemListElement\":[{\"@type\":\"ListItem\",\"position\":1,\"name\":\"Home\",\"item\":\"https:\\\/\\\/www.foodprocessingconcepts.com\\\/es\\\/\"},{\"@type\":\"ListItem\",\"position\":2,\"name\":\"M\u00e1quinas\",\"item\":\"https:\\\/\\\/www.foodprocessingconcepts.com\\\/es\\\/maquinas\\\/\"},{\"@type\":\"ListItem\",\"position\":3,\"name\":\"Elevaci\u00f3n e inclinaci\u00f3n, alimentaci\u00f3n y vibraci\u00f3n\"}]},{\"@type\":\"WebSite\",\"@id\":\"https:\\\/\\\/www.foodprocessingconcepts.com\\\/#website\",\"url\":\"https:\\\/\\\/www.foodprocessingconcepts.com\\\/\",\"name\":\"FPC\",\"description\":\"\",\"potentialAction\":[{\"@type\":\"SearchAction\",\"target\":{\"@type\":\"EntryPoint\",\"urlTemplate\":\"https:\\\/\\\/www.foodprocessingconcepts.com\\\/?s={search_term_string}\"},\"query-input\":{\"@type\":\"PropertyValueSpecification\",\"valueRequired\":true,\"valueName\":\"search_term_string\"}}],\"inLanguage\":\"es\"}]}<\/script>\n<!-- \/ Yoast SEO plugin. -->","yoast_head_json":{"title":"Elevaci\u00f3n e inclinaci\u00f3n, alimentaci\u00f3n y vibraci\u00f3n - FPC","robots":{"index":"index","follow":"follow","max-snippet":"max-snippet:-1","max-image-preview":"max-image-preview:large","max-video-preview":"max-video-preview:-1"},"canonical":"https:\/\/www.foodprocessingconcepts.com\/es\/maquinas\/elevacion-e-inclinacion-alimentacion-y-vibracion\/","og_locale":"es_ES","og_type":"article","og_title":"Elevaci\u00f3n e inclinaci\u00f3n, alimentaci\u00f3n y vibraci\u00f3n - FPC","og_description":"Mejore y acelere su proceso de producci\u00f3n en la elaboraci\u00f3n de alimentos con instalaciones FPC. Elevaci\u00f3n e inclinaci\u00f3n, alimentaci\u00f3n y vibraci\u00f3n: todo funciona muy bien y en buenas condiciones higi\u00e9nicas.","og_url":"https:\/\/www.foodprocessingconcepts.com\/es\/maquinas\/elevacion-e-inclinacion-alimentacion-y-vibracion\/","og_site_name":"FPC","article_modified_time":"2024-03-25T11:05:02+00:00","twitter_card":"summary_large_image","twitter_misc":{"Tiempo de lectura":"2 minutos"},"schema":{"@context":"https:\/\/schema.org","@graph":[{"@type":"WebPage","@id":"https:\/\/www.foodprocessingconcepts.com\/es\/maquinas\/elevacion-e-inclinacion-alimentacion-y-vibracion\/","url":"https:\/\/www.foodprocessingconcepts.com\/es\/maquinas\/elevacion-e-inclinacion-alimentacion-y-vibracion\/","name":"Elevaci\u00f3n e inclinaci\u00f3n, alimentaci\u00f3n y vibraci\u00f3n - FPC","isPartOf":{"@id":"https:\/\/www.foodprocessingconcepts.com\/#website"},"datePublished":"2022-11-07T08:39:02+00:00","dateModified":"2024-03-25T11:05:02+00:00","breadcrumb":{"@id":"https:\/\/www.foodprocessingconcepts.com\/es\/maquinas\/elevacion-e-inclinacion-alimentacion-y-vibracion\/#breadcrumb"},"inLanguage":"es","potentialAction":[{"@type":"ReadAction","target":["https:\/\/www.foodprocessingconcepts.com\/es\/maquinas\/elevacion-e-inclinacion-alimentacion-y-vibracion\/"]}]},{"@type":"BreadcrumbList","@id":"https:\/\/www.foodprocessingconcepts.com\/es\/maquinas\/elevacion-e-inclinacion-alimentacion-y-vibracion\/#breadcrumb","itemListElement":[{"@type":"ListItem","position":1,"name":"Home","item":"https:\/\/www.foodprocessingconcepts.com\/es\/"},{"@type":"ListItem","position":2,"name":"M\u00e1quinas","item":"https:\/\/www.foodprocessingconcepts.com\/es\/maquinas\/"},{"@type":"ListItem","position":3,"name":"Elevaci\u00f3n e inclinaci\u00f3n, alimentaci\u00f3n y vibraci\u00f3n"}]},{"@type":"WebSite","@id":"https:\/\/www.foodprocessingconcepts.com\/#website","url":"https:\/\/www.foodprocessingconcepts.com\/","name":"FPC","description":"","potentialAction":[{"@type":"SearchAction","target":{"@type":"EntryPoint","urlTemplate":"https:\/\/www.foodprocessingconcepts.com\/?s={search_term_string}"},"query-input":{"@type":"PropertyValueSpecification","valueRequired":true,"valueName":"search_term_string"}}],"inLanguage":"es"}]}},"_links":{"self":[{"href":"https:\/\/www.foodprocessingconcepts.com\/es\/wp-json\/wp\/v2\/pages\/426","targetHints":{"allow":["GET"]}}],"collection":[{"href":"https:\/\/www.foodprocessingconcepts.com\/es\/wp-json\/wp\/v2\/pages"}],"about":[{"href":"https:\/\/www.foodprocessingconcepts.com\/es\/wp-json\/wp\/v2\/types\/page"}],"author":[{"embeddable":true,"href":"https:\/\/www.foodprocessingconcepts.com\/es\/wp-json\/wp\/v2\/users\/1"}],"replies":[{"embeddable":true,"href":"https:\/\/www.foodprocessingconcepts.com\/es\/wp-json\/wp\/v2\/comments?post=426"}],"version-history":[{"count":0,"href":"https:\/\/www.foodprocessingconcepts.com\/es\/wp-json\/wp\/v2\/pages\/426\/revisions"}],"up":[{"embeddable":true,"href":"https:\/\/www.foodprocessingconcepts.com\/es\/wp-json\/wp\/v2\/pages\/337"}],"wp:attachment":[{"href":"https:\/\/www.foodprocessingconcepts.com\/es\/wp-json\/wp\/v2\/media?parent=426"}],"curies":[{"name":"wp","href":"https:\/\/api.w.org\/{rel}","templated":true}]}}