{"id":421,"date":"2022-11-07T08:38:48","date_gmt":"2022-11-07T08:38:48","guid":{"rendered":"https:\/\/www.foodprocessingconcepts.com\/machines\/chemicalien-en-fpc-doseerunit\/"},"modified":"2024-04-15T09:32:00","modified_gmt":"2024-04-15T09:32:00","slug":"la-unidad-de-dosificacion-fpc","status":"publish","type":"page","link":"https:\/\/www.foodprocessingconcepts.com\/es\/maquinas\/la-unidad-de-dosificacion-fpc\/","title":{"rendered":"la unidad de dosificaci\u00f3n FPC"},"content":{"rendered":"<p>La limpieza seg\u00fan la FPC Clean Air Act requiere el suministro de productos qu\u00edmicos adem\u00e1s del uso de agua. Los vendemos con nuestro propio nombre, para que pueda estar seguro de que siempre est\u00e1 utilizando el producto adecuado. \u00bfY hay varias m\u00e1quinas FPC en su nave? Con <strong>la unidad de dosificaci\u00f3n FPC<\/strong>, podr\u00e1 utilizar los productos qu\u00edmicos de forma m\u00e1s segura y eficiente.<\/p>\n","protected":false},"excerpt":{"rendered":"<p>La limpieza seg\u00fan la FPC Clean Air Act requiere el suministro de productos qu\u00edmicos adem\u00e1s del uso de agua. Los vendemos con nuestro propio nombre, para que pueda estar seguro de que siempre est\u00e1 utilizando el producto adecuado. \u00bfY hay varias m\u00e1quinas FPC en su nave? Con la unidad de dosificaci\u00f3n FPC, podr\u00e1 utilizar los [&hellip;]<\/p>\n","protected":false},"author":1,"featured_media":0,"parent":337,"menu_order":5,"comment_status":"closed","ping_status":"closed","template":"page-template\/template-flexible.php","meta":{"_acf_changed":false,"footnotes":""},"class_list":["post-421","page","type-page","status-publish","hentry"],"acf":[],"yoast_head":"<!-- This site is optimized with the Yoast SEO plugin v27.5 - https:\/\/yoast.com\/product\/yoast-seo-wordpress\/ -->\n<title>la unidad de dosificaci\u00f3n FPC - FPC<\/title>\n<meta name=\"robots\" content=\"index, follow, max-snippet:-1, max-image-preview:large, max-video-preview:-1\" \/>\n<link rel=\"canonical\" href=\"https:\/\/www.foodprocessingconcepts.com\/es\/maquinas\/la-unidad-de-dosificacion-fpc\/\" \/>\n<meta property=\"og:locale\" content=\"es_ES\" \/>\n<meta property=\"og:type\" content=\"article\" \/>\n<meta property=\"og:title\" content=\"la unidad de dosificaci\u00f3n FPC - FPC\" \/>\n<meta property=\"og:description\" content=\"La limpieza seg\u00fan la FPC Clean Air Act requiere el suministro de productos qu\u00edmicos adem\u00e1s del uso de agua. Los vendemos con nuestro propio nombre, para que pueda estar seguro de que siempre est\u00e1 utilizando el producto adecuado. \u00bfY hay varias m\u00e1quinas FPC en su nave? Con la unidad de dosificaci\u00f3n FPC, podr\u00e1 utilizar los [&hellip;]\" \/>\n<meta property=\"og:url\" content=\"https:\/\/www.foodprocessingconcepts.com\/es\/maquinas\/la-unidad-de-dosificacion-fpc\/\" \/>\n<meta property=\"og:site_name\" content=\"FPC\" \/>\n<meta property=\"article:modified_time\" content=\"2024-04-15T09:32:00+00:00\" \/>\n<meta name=\"twitter:card\" content=\"summary_large_image\" \/>\n<meta name=\"twitter:label1\" content=\"Tiempo de lectura\" \/>\n\t<meta name=\"twitter:data1\" content=\"2 minutos\" \/>\n<script type=\"application\/ld+json\" class=\"yoast-schema-graph\">{\"@context\":\"https:\\\/\\\/schema.org\",\"@graph\":[{\"@type\":\"WebPage\",\"@id\":\"https:\\\/\\\/www.foodprocessingconcepts.com\\\/es\\\/maquinas\\\/la-unidad-de-dosificacion-fpc\\\/\",\"url\":\"https:\\\/\\\/www.foodprocessingconcepts.com\\\/es\\\/maquinas\\\/la-unidad-de-dosificacion-fpc\\\/\",\"name\":\"la unidad de dosificaci\u00f3n FPC - FPC\",\"isPartOf\":{\"@id\":\"https:\\\/\\\/www.foodprocessingconcepts.com\\\/#website\"},\"datePublished\":\"2022-11-07T08:38:48+00:00\",\"dateModified\":\"2024-04-15T09:32:00+00:00\",\"breadcrumb\":{\"@id\":\"https:\\\/\\\/www.foodprocessingconcepts.com\\\/es\\\/maquinas\\\/la-unidad-de-dosificacion-fpc\\\/#breadcrumb\"},\"inLanguage\":\"es\",\"potentialAction\":[{\"@type\":\"ReadAction\",\"target\":[\"https:\\\/\\\/www.foodprocessingconcepts.com\\\/es\\\/maquinas\\\/la-unidad-de-dosificacion-fpc\\\/\"]}]},{\"@type\":\"BreadcrumbList\",\"@id\":\"https:\\\/\\\/www.foodprocessingconcepts.com\\\/es\\\/maquinas\\\/la-unidad-de-dosificacion-fpc\\\/#breadcrumb\",\"itemListElement\":[{\"@type\":\"ListItem\",\"position\":1,\"name\":\"Home\",\"item\":\"https:\\\/\\\/www.foodprocessingconcepts.com\\\/es\\\/\"},{\"@type\":\"ListItem\",\"position\":2,\"name\":\"M\u00e1quinas\",\"item\":\"https:\\\/\\\/www.foodprocessingconcepts.com\\\/es\\\/maquinas\\\/\"},{\"@type\":\"ListItem\",\"position\":3,\"name\":\"la unidad de dosificaci\u00f3n FPC\"}]},{\"@type\":\"WebSite\",\"@id\":\"https:\\\/\\\/www.foodprocessingconcepts.com\\\/#website\",\"url\":\"https:\\\/\\\/www.foodprocessingconcepts.com\\\/\",\"name\":\"FPC\",\"description\":\"\",\"potentialAction\":[{\"@type\":\"SearchAction\",\"target\":{\"@type\":\"EntryPoint\",\"urlTemplate\":\"https:\\\/\\\/www.foodprocessingconcepts.com\\\/?s={search_term_string}\"},\"query-input\":{\"@type\":\"PropertyValueSpecification\",\"valueRequired\":true,\"valueName\":\"search_term_string\"}}],\"inLanguage\":\"es\"}]}<\/script>\n<!-- \/ Yoast SEO plugin. -->","yoast_head_json":{"title":"la unidad de dosificaci\u00f3n FPC - FPC","robots":{"index":"index","follow":"follow","max-snippet":"max-snippet:-1","max-image-preview":"max-image-preview:large","max-video-preview":"max-video-preview:-1"},"canonical":"https:\/\/www.foodprocessingconcepts.com\/es\/maquinas\/la-unidad-de-dosificacion-fpc\/","og_locale":"es_ES","og_type":"article","og_title":"la unidad de dosificaci\u00f3n FPC - FPC","og_description":"La limpieza seg\u00fan la FPC Clean Air Act requiere el suministro de productos qu\u00edmicos adem\u00e1s del uso de agua. Los vendemos con nuestro propio nombre, para que pueda estar seguro de que siempre est\u00e1 utilizando el producto adecuado. \u00bfY hay varias m\u00e1quinas FPC en su nave? Con la unidad de dosificaci\u00f3n FPC, podr\u00e1 utilizar los [&hellip;]","og_url":"https:\/\/www.foodprocessingconcepts.com\/es\/maquinas\/la-unidad-de-dosificacion-fpc\/","og_site_name":"FPC","article_modified_time":"2024-04-15T09:32:00+00:00","twitter_card":"summary_large_image","twitter_misc":{"Tiempo de lectura":"2 minutos"},"schema":{"@context":"https:\/\/schema.org","@graph":[{"@type":"WebPage","@id":"https:\/\/www.foodprocessingconcepts.com\/es\/maquinas\/la-unidad-de-dosificacion-fpc\/","url":"https:\/\/www.foodprocessingconcepts.com\/es\/maquinas\/la-unidad-de-dosificacion-fpc\/","name":"la unidad de dosificaci\u00f3n FPC - FPC","isPartOf":{"@id":"https:\/\/www.foodprocessingconcepts.com\/#website"},"datePublished":"2022-11-07T08:38:48+00:00","dateModified":"2024-04-15T09:32:00+00:00","breadcrumb":{"@id":"https:\/\/www.foodprocessingconcepts.com\/es\/maquinas\/la-unidad-de-dosificacion-fpc\/#breadcrumb"},"inLanguage":"es","potentialAction":[{"@type":"ReadAction","target":["https:\/\/www.foodprocessingconcepts.com\/es\/maquinas\/la-unidad-de-dosificacion-fpc\/"]}]},{"@type":"BreadcrumbList","@id":"https:\/\/www.foodprocessingconcepts.com\/es\/maquinas\/la-unidad-de-dosificacion-fpc\/#breadcrumb","itemListElement":[{"@type":"ListItem","position":1,"name":"Home","item":"https:\/\/www.foodprocessingconcepts.com\/es\/"},{"@type":"ListItem","position":2,"name":"M\u00e1quinas","item":"https:\/\/www.foodprocessingconcepts.com\/es\/maquinas\/"},{"@type":"ListItem","position":3,"name":"la unidad de dosificaci\u00f3n FPC"}]},{"@type":"WebSite","@id":"https:\/\/www.foodprocessingconcepts.com\/#website","url":"https:\/\/www.foodprocessingconcepts.com\/","name":"FPC","description":"","potentialAction":[{"@type":"SearchAction","target":{"@type":"EntryPoint","urlTemplate":"https:\/\/www.foodprocessingconcepts.com\/?s={search_term_string}"},"query-input":{"@type":"PropertyValueSpecification","valueRequired":true,"valueName":"search_term_string"}}],"inLanguage":"es"}]}},"_links":{"self":[{"href":"https:\/\/www.foodprocessingconcepts.com\/es\/wp-json\/wp\/v2\/pages\/421","targetHints":{"allow":["GET"]}}],"collection":[{"href":"https:\/\/www.foodprocessingconcepts.com\/es\/wp-json\/wp\/v2\/pages"}],"about":[{"href":"https:\/\/www.foodprocessingconcepts.com\/es\/wp-json\/wp\/v2\/types\/page"}],"author":[{"embeddable":true,"href":"https:\/\/www.foodprocessingconcepts.com\/es\/wp-json\/wp\/v2\/users\/1"}],"replies":[{"embeddable":true,"href":"https:\/\/www.foodprocessingconcepts.com\/es\/wp-json\/wp\/v2\/comments?post=421"}],"version-history":[{"count":1,"href":"https:\/\/www.foodprocessingconcepts.com\/es\/wp-json\/wp\/v2\/pages\/421\/revisions"}],"predecessor-version":[{"id":1419,"href":"https:\/\/www.foodprocessingconcepts.com\/es\/wp-json\/wp\/v2\/pages\/421\/revisions\/1419"}],"up":[{"embeddable":true,"href":"https:\/\/www.foodprocessingconcepts.com\/es\/wp-json\/wp\/v2\/pages\/337"}],"wp:attachment":[{"href":"https:\/\/www.foodprocessingconcepts.com\/es\/wp-json\/wp\/v2\/media?parent=421"}],"curies":[{"name":"wp","href":"https:\/\/api.w.org\/{rel}","templated":true}]}}