{"id":361,"date":"2022-11-07T08:38:14","date_gmt":"2022-11-07T08:38:14","guid":{"rendered":"https:\/\/www.foodprocessingconcepts.com\/machines\/fpc-clean-air-optimizer-ac\/"},"modified":"2024-04-19T08:44:33","modified_gmt":"2024-04-19T08:44:33","slug":"fpc-clean-air-optimizer-ac","status":"publish","type":"page","link":"https:\/\/www.foodprocessingconcepts.com\/es\/maquinas\/fpc-clean-air-optimizer-ac\/","title":{"rendered":"FPC Clean Air Optimizer AC"},"content":{"rendered":"<p>El <strong>FPC Clean Air Optimizer AC<\/strong> hace que la limpieza de los gases de cocci\u00f3n sea casi \u00f3ptima. Esto se basa en el producto inofensivo de carb\u00f3n activado, que es altamente adecuado para la adsorci\u00f3n. A medida que el carb\u00f3n activado retiene cada vez m\u00e1s mol\u00e9culas de gas durante el tratamiento del aire, este se vuelve cada vez m\u00e1s limpio. Y as\u00ed pr\u00e1cticamente se eliminan los olores.<\/p>\n","protected":false},"excerpt":{"rendered":"<p>El FPC Clean Air Optimizer AC hace que la limpieza de los gases de cocci\u00f3n sea casi \u00f3ptima. Esto se basa en el producto inofensivo de carb\u00f3n activado, que es altamente adecuado para la adsorci\u00f3n. A medida que el carb\u00f3n activado retiene cada vez m\u00e1s mol\u00e9culas de gas durante el tratamiento del aire, este se [&hellip;]<\/p>\n","protected":false},"author":1,"featured_media":0,"parent":337,"menu_order":3,"comment_status":"closed","ping_status":"closed","template":"page-template\/template-single-machine-layout.php","meta":{"_acf_changed":false,"footnotes":""},"class_list":["post-361","page","type-page","status-publish","hentry"],"acf":[],"yoast_head":"<!-- This site is optimized with the Yoast SEO plugin v27.5 - https:\/\/yoast.com\/product\/yoast-seo-wordpress\/ -->\n<title>FPC Clean Air Optimizer AC - FPC<\/title>\n<meta name=\"robots\" content=\"index, follow, max-snippet:-1, max-image-preview:large, max-video-preview:-1\" \/>\n<link rel=\"canonical\" href=\"https:\/\/www.foodprocessingconcepts.com\/es\/maquinas\/fpc-clean-air-optimizer-ac\/\" \/>\n<meta property=\"og:locale\" content=\"es_ES\" \/>\n<meta property=\"og:type\" content=\"article\" \/>\n<meta property=\"og:title\" content=\"FPC Clean Air Optimizer AC - FPC\" \/>\n<meta property=\"og:description\" content=\"El FPC Clean Air Optimizer AC hace que la limpieza de los gases de cocci\u00f3n sea casi \u00f3ptima. Esto se basa en el producto inofensivo de carb\u00f3n activado, que es altamente adecuado para la adsorci\u00f3n. A medida que el carb\u00f3n activado retiene cada vez m\u00e1s mol\u00e9culas de gas durante el tratamiento del aire, este se [&hellip;]\" \/>\n<meta property=\"og:url\" content=\"https:\/\/www.foodprocessingconcepts.com\/es\/maquinas\/fpc-clean-air-optimizer-ac\/\" \/>\n<meta property=\"og:site_name\" content=\"FPC\" \/>\n<meta property=\"article:modified_time\" content=\"2024-04-19T08:44:33+00:00\" \/>\n<meta name=\"twitter:card\" content=\"summary_large_image\" \/>\n<meta name=\"twitter:label1\" content=\"Tiempo de lectura\" \/>\n\t<meta name=\"twitter:data1\" content=\"2 minutos\" \/>\n<script type=\"application\/ld+json\" class=\"yoast-schema-graph\">{\"@context\":\"https:\\\/\\\/schema.org\",\"@graph\":[{\"@type\":\"WebPage\",\"@id\":\"https:\\\/\\\/www.foodprocessingconcepts.com\\\/es\\\/maquinas\\\/fpc-clean-air-optimizer-ac\\\/\",\"url\":\"https:\\\/\\\/www.foodprocessingconcepts.com\\\/es\\\/maquinas\\\/fpc-clean-air-optimizer-ac\\\/\",\"name\":\"FPC Clean Air Optimizer AC - FPC\",\"isPartOf\":{\"@id\":\"https:\\\/\\\/www.foodprocessingconcepts.com\\\/#website\"},\"datePublished\":\"2022-11-07T08:38:14+00:00\",\"dateModified\":\"2024-04-19T08:44:33+00:00\",\"breadcrumb\":{\"@id\":\"https:\\\/\\\/www.foodprocessingconcepts.com\\\/es\\\/maquinas\\\/fpc-clean-air-optimizer-ac\\\/#breadcrumb\"},\"inLanguage\":\"es\",\"potentialAction\":[{\"@type\":\"ReadAction\",\"target\":[\"https:\\\/\\\/www.foodprocessingconcepts.com\\\/es\\\/maquinas\\\/fpc-clean-air-optimizer-ac\\\/\"]}]},{\"@type\":\"BreadcrumbList\",\"@id\":\"https:\\\/\\\/www.foodprocessingconcepts.com\\\/es\\\/maquinas\\\/fpc-clean-air-optimizer-ac\\\/#breadcrumb\",\"itemListElement\":[{\"@type\":\"ListItem\",\"position\":1,\"name\":\"Home\",\"item\":\"https:\\\/\\\/www.foodprocessingconcepts.com\\\/es\\\/\"},{\"@type\":\"ListItem\",\"position\":2,\"name\":\"M\u00e1quinas\",\"item\":\"https:\\\/\\\/www.foodprocessingconcepts.com\\\/es\\\/maquinas\\\/\"},{\"@type\":\"ListItem\",\"position\":3,\"name\":\"FPC Clean Air Optimizer AC\"}]},{\"@type\":\"WebSite\",\"@id\":\"https:\\\/\\\/www.foodprocessingconcepts.com\\\/#website\",\"url\":\"https:\\\/\\\/www.foodprocessingconcepts.com\\\/\",\"name\":\"FPC\",\"description\":\"\",\"potentialAction\":[{\"@type\":\"SearchAction\",\"target\":{\"@type\":\"EntryPoint\",\"urlTemplate\":\"https:\\\/\\\/www.foodprocessingconcepts.com\\\/?s={search_term_string}\"},\"query-input\":{\"@type\":\"PropertyValueSpecification\",\"valueRequired\":true,\"valueName\":\"search_term_string\"}}],\"inLanguage\":\"es\"}]}<\/script>\n<!-- \/ Yoast SEO plugin. -->","yoast_head_json":{"title":"FPC Clean Air Optimizer AC - FPC","robots":{"index":"index","follow":"follow","max-snippet":"max-snippet:-1","max-image-preview":"max-image-preview:large","max-video-preview":"max-video-preview:-1"},"canonical":"https:\/\/www.foodprocessingconcepts.com\/es\/maquinas\/fpc-clean-air-optimizer-ac\/","og_locale":"es_ES","og_type":"article","og_title":"FPC Clean Air Optimizer AC - FPC","og_description":"El FPC Clean Air Optimizer AC hace que la limpieza de los gases de cocci\u00f3n sea casi \u00f3ptima. Esto se basa en el producto inofensivo de carb\u00f3n activado, que es altamente adecuado para la adsorci\u00f3n. A medida que el carb\u00f3n activado retiene cada vez m\u00e1s mol\u00e9culas de gas durante el tratamiento del aire, este se [&hellip;]","og_url":"https:\/\/www.foodprocessingconcepts.com\/es\/maquinas\/fpc-clean-air-optimizer-ac\/","og_site_name":"FPC","article_modified_time":"2024-04-19T08:44:33+00:00","twitter_card":"summary_large_image","twitter_misc":{"Tiempo de lectura":"2 minutos"},"schema":{"@context":"https:\/\/schema.org","@graph":[{"@type":"WebPage","@id":"https:\/\/www.foodprocessingconcepts.com\/es\/maquinas\/fpc-clean-air-optimizer-ac\/","url":"https:\/\/www.foodprocessingconcepts.com\/es\/maquinas\/fpc-clean-air-optimizer-ac\/","name":"FPC Clean Air Optimizer AC - FPC","isPartOf":{"@id":"https:\/\/www.foodprocessingconcepts.com\/#website"},"datePublished":"2022-11-07T08:38:14+00:00","dateModified":"2024-04-19T08:44:33+00:00","breadcrumb":{"@id":"https:\/\/www.foodprocessingconcepts.com\/es\/maquinas\/fpc-clean-air-optimizer-ac\/#breadcrumb"},"inLanguage":"es","potentialAction":[{"@type":"ReadAction","target":["https:\/\/www.foodprocessingconcepts.com\/es\/maquinas\/fpc-clean-air-optimizer-ac\/"]}]},{"@type":"BreadcrumbList","@id":"https:\/\/www.foodprocessingconcepts.com\/es\/maquinas\/fpc-clean-air-optimizer-ac\/#breadcrumb","itemListElement":[{"@type":"ListItem","position":1,"name":"Home","item":"https:\/\/www.foodprocessingconcepts.com\/es\/"},{"@type":"ListItem","position":2,"name":"M\u00e1quinas","item":"https:\/\/www.foodprocessingconcepts.com\/es\/maquinas\/"},{"@type":"ListItem","position":3,"name":"FPC Clean Air Optimizer AC"}]},{"@type":"WebSite","@id":"https:\/\/www.foodprocessingconcepts.com\/#website","url":"https:\/\/www.foodprocessingconcepts.com\/","name":"FPC","description":"","potentialAction":[{"@type":"SearchAction","target":{"@type":"EntryPoint","urlTemplate":"https:\/\/www.foodprocessingconcepts.com\/?s={search_term_string}"},"query-input":{"@type":"PropertyValueSpecification","valueRequired":true,"valueName":"search_term_string"}}],"inLanguage":"es"}]}},"_links":{"self":[{"href":"https:\/\/www.foodprocessingconcepts.com\/es\/wp-json\/wp\/v2\/pages\/361","targetHints":{"allow":["GET"]}}],"collection":[{"href":"https:\/\/www.foodprocessingconcepts.com\/es\/wp-json\/wp\/v2\/pages"}],"about":[{"href":"https:\/\/www.foodprocessingconcepts.com\/es\/wp-json\/wp\/v2\/types\/page"}],"author":[{"embeddable":true,"href":"https:\/\/www.foodprocessingconcepts.com\/es\/wp-json\/wp\/v2\/users\/1"}],"replies":[{"embeddable":true,"href":"https:\/\/www.foodprocessingconcepts.com\/es\/wp-json\/wp\/v2\/comments?post=361"}],"version-history":[{"count":2,"href":"https:\/\/www.foodprocessingconcepts.com\/es\/wp-json\/wp\/v2\/pages\/361\/revisions"}],"predecessor-version":[{"id":1472,"href":"https:\/\/www.foodprocessingconcepts.com\/es\/wp-json\/wp\/v2\/pages\/361\/revisions\/1472"}],"up":[{"embeddable":true,"href":"https:\/\/www.foodprocessingconcepts.com\/es\/wp-json\/wp\/v2\/pages\/337"}],"wp:attachment":[{"href":"https:\/\/www.foodprocessingconcepts.com\/es\/wp-json\/wp\/v2\/media?parent=361"}],"curies":[{"name":"wp","href":"https:\/\/api.w.org\/{rel}","templated":true}]}}