{"id":353,"date":"2022-11-07T08:37:57","date_gmt":"2022-11-07T08:37:57","guid":{"rendered":"https:\/\/www.foodprocessingconcepts.com\/machines\/fpc-clean-air-cyclone\/"},"modified":"2024-05-13T09:35:31","modified_gmt":"2024-05-13T09:35:31","slug":"fpc-clean-air-cyclone","status":"publish","type":"page","link":"https:\/\/www.foodprocessingconcepts.com\/es\/maquinas\/fpc-clean-air-cyclone\/","title":{"rendered":"FPC Clean Air Cyclone"},"content":{"rendered":"<p>Con el <strong>FPC Clean Air Cyclone<\/strong>,, consumir\u00e1 menos agua y productos qu\u00edmicos. La unidad introduce aire, agua y productos qu\u00edmicos a alta presi\u00f3n en la parte cil\u00edndrica, tras lo cual la mezcla gira cada vez m\u00e1s r\u00e1pido en la parte c\u00f3nica. Las gotas de agua y otras part\u00edculas s\u00f3lidas golpean la pared y se hunden dentro del dep\u00f3sito. Esto contrasta con el aire que sigue fluyendo.<\/p>\n","protected":false},"excerpt":{"rendered":"<p>Con el FPC Clean Air Cyclone,, consumir\u00e1 menos agua y productos qu\u00edmicos. La unidad introduce aire, agua y productos qu\u00edmicos a alta presi\u00f3n en la parte cil\u00edndrica, tras lo cual la mezcla gira cada vez m\u00e1s r\u00e1pido en la parte c\u00f3nica. Las gotas de agua y otras part\u00edculas s\u00f3lidas golpean la pared y se hunden [&hellip;]<\/p>\n","protected":false},"author":1,"featured_media":0,"parent":337,"menu_order":2,"comment_status":"closed","ping_status":"closed","template":"page-template\/template-single-machine-layout.php","meta":{"_acf_changed":false,"footnotes":""},"class_list":["post-353","page","type-page","status-publish","hentry"],"acf":[],"yoast_head":"<!-- This site is optimized with the Yoast SEO plugin v27.5 - https:\/\/yoast.com\/product\/yoast-seo-wordpress\/ -->\n<title>FPC Clean Air Cyclone - FPC<\/title>\n<meta name=\"robots\" content=\"index, follow, max-snippet:-1, max-image-preview:large, max-video-preview:-1\" \/>\n<link rel=\"canonical\" href=\"https:\/\/www.foodprocessingconcepts.com\/es\/maquinas\/fpc-clean-air-cyclone\/\" \/>\n<meta property=\"og:locale\" content=\"es_ES\" \/>\n<meta property=\"og:type\" content=\"article\" \/>\n<meta property=\"og:title\" content=\"FPC Clean Air Cyclone - FPC\" \/>\n<meta property=\"og:description\" content=\"Con el FPC Clean Air Cyclone,, consumir\u00e1 menos agua y productos qu\u00edmicos. La unidad introduce aire, agua y productos qu\u00edmicos a alta presi\u00f3n en la parte cil\u00edndrica, tras lo cual la mezcla gira cada vez m\u00e1s r\u00e1pido en la parte c\u00f3nica. Las gotas de agua y otras part\u00edculas s\u00f3lidas golpean la pared y se hunden [&hellip;]\" \/>\n<meta property=\"og:url\" content=\"https:\/\/www.foodprocessingconcepts.com\/es\/maquinas\/fpc-clean-air-cyclone\/\" \/>\n<meta property=\"og:site_name\" content=\"FPC\" \/>\n<meta property=\"article:modified_time\" content=\"2024-05-13T09:35:31+00:00\" \/>\n<meta name=\"twitter:card\" content=\"summary_large_image\" \/>\n<meta name=\"twitter:label1\" content=\"Tiempo de lectura\" \/>\n\t<meta name=\"twitter:data1\" content=\"2 minutos\" \/>\n<script type=\"application\/ld+json\" class=\"yoast-schema-graph\">{\"@context\":\"https:\\\/\\\/schema.org\",\"@graph\":[{\"@type\":\"WebPage\",\"@id\":\"https:\\\/\\\/www.foodprocessingconcepts.com\\\/es\\\/maquinas\\\/fpc-clean-air-cyclone\\\/\",\"url\":\"https:\\\/\\\/www.foodprocessingconcepts.com\\\/es\\\/maquinas\\\/fpc-clean-air-cyclone\\\/\",\"name\":\"FPC Clean Air Cyclone - FPC\",\"isPartOf\":{\"@id\":\"https:\\\/\\\/www.foodprocessingconcepts.com\\\/#website\"},\"datePublished\":\"2022-11-07T08:37:57+00:00\",\"dateModified\":\"2024-05-13T09:35:31+00:00\",\"breadcrumb\":{\"@id\":\"https:\\\/\\\/www.foodprocessingconcepts.com\\\/es\\\/maquinas\\\/fpc-clean-air-cyclone\\\/#breadcrumb\"},\"inLanguage\":\"es\",\"potentialAction\":[{\"@type\":\"ReadAction\",\"target\":[\"https:\\\/\\\/www.foodprocessingconcepts.com\\\/es\\\/maquinas\\\/fpc-clean-air-cyclone\\\/\"]}]},{\"@type\":\"BreadcrumbList\",\"@id\":\"https:\\\/\\\/www.foodprocessingconcepts.com\\\/es\\\/maquinas\\\/fpc-clean-air-cyclone\\\/#breadcrumb\",\"itemListElement\":[{\"@type\":\"ListItem\",\"position\":1,\"name\":\"Home\",\"item\":\"https:\\\/\\\/www.foodprocessingconcepts.com\\\/es\\\/\"},{\"@type\":\"ListItem\",\"position\":2,\"name\":\"M\u00e1quinas\",\"item\":\"https:\\\/\\\/www.foodprocessingconcepts.com\\\/es\\\/maquinas\\\/\"},{\"@type\":\"ListItem\",\"position\":3,\"name\":\"FPC Clean Air Cyclone\"}]},{\"@type\":\"WebSite\",\"@id\":\"https:\\\/\\\/www.foodprocessingconcepts.com\\\/#website\",\"url\":\"https:\\\/\\\/www.foodprocessingconcepts.com\\\/\",\"name\":\"FPC\",\"description\":\"\",\"potentialAction\":[{\"@type\":\"SearchAction\",\"target\":{\"@type\":\"EntryPoint\",\"urlTemplate\":\"https:\\\/\\\/www.foodprocessingconcepts.com\\\/?s={search_term_string}\"},\"query-input\":{\"@type\":\"PropertyValueSpecification\",\"valueRequired\":true,\"valueName\":\"search_term_string\"}}],\"inLanguage\":\"es\"}]}<\/script>\n<!-- \/ Yoast SEO plugin. -->","yoast_head_json":{"title":"FPC Clean Air Cyclone - FPC","robots":{"index":"index","follow":"follow","max-snippet":"max-snippet:-1","max-image-preview":"max-image-preview:large","max-video-preview":"max-video-preview:-1"},"canonical":"https:\/\/www.foodprocessingconcepts.com\/es\/maquinas\/fpc-clean-air-cyclone\/","og_locale":"es_ES","og_type":"article","og_title":"FPC Clean Air Cyclone - FPC","og_description":"Con el FPC Clean Air Cyclone,, consumir\u00e1 menos agua y productos qu\u00edmicos. La unidad introduce aire, agua y productos qu\u00edmicos a alta presi\u00f3n en la parte cil\u00edndrica, tras lo cual la mezcla gira cada vez m\u00e1s r\u00e1pido en la parte c\u00f3nica. Las gotas de agua y otras part\u00edculas s\u00f3lidas golpean la pared y se hunden [&hellip;]","og_url":"https:\/\/www.foodprocessingconcepts.com\/es\/maquinas\/fpc-clean-air-cyclone\/","og_site_name":"FPC","article_modified_time":"2024-05-13T09:35:31+00:00","twitter_card":"summary_large_image","twitter_misc":{"Tiempo de lectura":"2 minutos"},"schema":{"@context":"https:\/\/schema.org","@graph":[{"@type":"WebPage","@id":"https:\/\/www.foodprocessingconcepts.com\/es\/maquinas\/fpc-clean-air-cyclone\/","url":"https:\/\/www.foodprocessingconcepts.com\/es\/maquinas\/fpc-clean-air-cyclone\/","name":"FPC Clean Air Cyclone - FPC","isPartOf":{"@id":"https:\/\/www.foodprocessingconcepts.com\/#website"},"datePublished":"2022-11-07T08:37:57+00:00","dateModified":"2024-05-13T09:35:31+00:00","breadcrumb":{"@id":"https:\/\/www.foodprocessingconcepts.com\/es\/maquinas\/fpc-clean-air-cyclone\/#breadcrumb"},"inLanguage":"es","potentialAction":[{"@type":"ReadAction","target":["https:\/\/www.foodprocessingconcepts.com\/es\/maquinas\/fpc-clean-air-cyclone\/"]}]},{"@type":"BreadcrumbList","@id":"https:\/\/www.foodprocessingconcepts.com\/es\/maquinas\/fpc-clean-air-cyclone\/#breadcrumb","itemListElement":[{"@type":"ListItem","position":1,"name":"Home","item":"https:\/\/www.foodprocessingconcepts.com\/es\/"},{"@type":"ListItem","position":2,"name":"M\u00e1quinas","item":"https:\/\/www.foodprocessingconcepts.com\/es\/maquinas\/"},{"@type":"ListItem","position":3,"name":"FPC Clean Air Cyclone"}]},{"@type":"WebSite","@id":"https:\/\/www.foodprocessingconcepts.com\/#website","url":"https:\/\/www.foodprocessingconcepts.com\/","name":"FPC","description":"","potentialAction":[{"@type":"SearchAction","target":{"@type":"EntryPoint","urlTemplate":"https:\/\/www.foodprocessingconcepts.com\/?s={search_term_string}"},"query-input":{"@type":"PropertyValueSpecification","valueRequired":true,"valueName":"search_term_string"}}],"inLanguage":"es"}]}},"_links":{"self":[{"href":"https:\/\/www.foodprocessingconcepts.com\/es\/wp-json\/wp\/v2\/pages\/353","targetHints":{"allow":["GET"]}}],"collection":[{"href":"https:\/\/www.foodprocessingconcepts.com\/es\/wp-json\/wp\/v2\/pages"}],"about":[{"href":"https:\/\/www.foodprocessingconcepts.com\/es\/wp-json\/wp\/v2\/types\/page"}],"author":[{"embeddable":true,"href":"https:\/\/www.foodprocessingconcepts.com\/es\/wp-json\/wp\/v2\/users\/1"}],"replies":[{"embeddable":true,"href":"https:\/\/www.foodprocessingconcepts.com\/es\/wp-json\/wp\/v2\/comments?post=353"}],"version-history":[{"count":3,"href":"https:\/\/www.foodprocessingconcepts.com\/es\/wp-json\/wp\/v2\/pages\/353\/revisions"}],"predecessor-version":[{"id":1500,"href":"https:\/\/www.foodprocessingconcepts.com\/es\/wp-json\/wp\/v2\/pages\/353\/revisions\/1500"}],"up":[{"embeddable":true,"href":"https:\/\/www.foodprocessingconcepts.com\/es\/wp-json\/wp\/v2\/pages\/337"}],"wp:attachment":[{"href":"https:\/\/www.foodprocessingconcepts.com\/es\/wp-json\/wp\/v2\/media?parent=353"}],"curies":[{"name":"wp","href":"https:\/\/api.w.org\/{rel}","templated":true}]}}