{"id":337,"date":"2022-11-07T06:18:23","date_gmt":"2022-11-07T06:18:23","guid":{"rendered":"https:\/\/www.foodprocessingconcepts.com\/machines\/"},"modified":"2024-03-29T09:47:49","modified_gmt":"2024-03-29T09:47:49","slug":"maquinas","status":"publish","type":"page","link":"https:\/\/www.foodprocessingconcepts.com\/es\/maquinas\/","title":{"rendered":"M\u00e1quinas"},"content":{"rendered":"<p>Limpie los gases de cocci\u00f3n que se desprenden del horneado durante su proceso de elaboraci\u00f3n de alimentos con las m\u00e1quinas FPC. Los olores desaparecen, las part\u00edculas finas y las gordas se separan y descomponen.<\/p>\n","protected":false},"excerpt":{"rendered":"<p>Limpie los gases de cocci\u00f3n que se desprenden del horneado durante su proceso de elaboraci\u00f3n de alimentos con las m\u00e1quinas FPC. Los olores desaparecen, las part\u00edculas finas y las gordas se separan y descomponen.<\/p>\n","protected":false},"author":1,"featured_media":0,"parent":0,"menu_order":0,"comment_status":"closed","ping_status":"closed","template":"page-template\/template-machines.php","meta":{"_acf_changed":false,"footnotes":""},"class_list":["post-337","page","type-page","status-publish","hentry"],"acf":[],"yoast_head":"<!-- This site is optimized with the Yoast SEO plugin v27.5 - https:\/\/yoast.com\/product\/yoast-seo-wordpress\/ -->\n<title>M\u00e1quinas - FPC<\/title>\n<meta name=\"robots\" content=\"index, follow, max-snippet:-1, max-image-preview:large, max-video-preview:-1\" \/>\n<link rel=\"canonical\" href=\"https:\/\/www.foodprocessingconcepts.com\/es\/maquinas\/\" \/>\n<meta property=\"og:locale\" content=\"es_ES\" \/>\n<meta property=\"og:type\" content=\"article\" \/>\n<meta property=\"og:title\" content=\"M\u00e1quinas - FPC\" \/>\n<meta property=\"og:description\" content=\"Limpie los gases de cocci\u00f3n que se desprenden del horneado durante su proceso de elaboraci\u00f3n de alimentos con las m\u00e1quinas FPC. Los olores desaparecen, las part\u00edculas finas y las gordas se separan y descomponen.\" \/>\n<meta property=\"og:url\" content=\"https:\/\/www.foodprocessingconcepts.com\/es\/maquinas\/\" \/>\n<meta property=\"og:site_name\" content=\"FPC\" \/>\n<meta property=\"article:modified_time\" content=\"2024-03-29T09:47:49+00:00\" \/>\n<meta name=\"twitter:card\" content=\"summary_large_image\" \/>\n<meta name=\"twitter:label1\" content=\"Tiempo de lectura\" \/>\n\t<meta name=\"twitter:data1\" content=\"2 minutos\" \/>\n<script type=\"application\/ld+json\" class=\"yoast-schema-graph\">{\"@context\":\"https:\\\/\\\/schema.org\",\"@graph\":[{\"@type\":\"WebPage\",\"@id\":\"https:\\\/\\\/www.foodprocessingconcepts.com\\\/es\\\/maquinas\\\/\",\"url\":\"https:\\\/\\\/www.foodprocessingconcepts.com\\\/es\\\/maquinas\\\/\",\"name\":\"M\u00e1quinas - FPC\",\"isPartOf\":{\"@id\":\"https:\\\/\\\/www.foodprocessingconcepts.com\\\/#website\"},\"datePublished\":\"2022-11-07T06:18:23+00:00\",\"dateModified\":\"2024-03-29T09:47:49+00:00\",\"breadcrumb\":{\"@id\":\"https:\\\/\\\/www.foodprocessingconcepts.com\\\/es\\\/maquinas\\\/#breadcrumb\"},\"inLanguage\":\"es\",\"potentialAction\":[{\"@type\":\"ReadAction\",\"target\":[\"https:\\\/\\\/www.foodprocessingconcepts.com\\\/es\\\/maquinas\\\/\"]}]},{\"@type\":\"BreadcrumbList\",\"@id\":\"https:\\\/\\\/www.foodprocessingconcepts.com\\\/es\\\/maquinas\\\/#breadcrumb\",\"itemListElement\":[{\"@type\":\"ListItem\",\"position\":1,\"name\":\"Home\",\"item\":\"https:\\\/\\\/www.foodprocessingconcepts.com\\\/es\\\/\"},{\"@type\":\"ListItem\",\"position\":2,\"name\":\"M\u00e1quinas\"}]},{\"@type\":\"WebSite\",\"@id\":\"https:\\\/\\\/www.foodprocessingconcepts.com\\\/#website\",\"url\":\"https:\\\/\\\/www.foodprocessingconcepts.com\\\/\",\"name\":\"FPC\",\"description\":\"\",\"potentialAction\":[{\"@type\":\"SearchAction\",\"target\":{\"@type\":\"EntryPoint\",\"urlTemplate\":\"https:\\\/\\\/www.foodprocessingconcepts.com\\\/?s={search_term_string}\"},\"query-input\":{\"@type\":\"PropertyValueSpecification\",\"valueRequired\":true,\"valueName\":\"search_term_string\"}}],\"inLanguage\":\"es\"}]}<\/script>\n<!-- \/ Yoast SEO plugin. -->","yoast_head_json":{"title":"M\u00e1quinas - FPC","robots":{"index":"index","follow":"follow","max-snippet":"max-snippet:-1","max-image-preview":"max-image-preview:large","max-video-preview":"max-video-preview:-1"},"canonical":"https:\/\/www.foodprocessingconcepts.com\/es\/maquinas\/","og_locale":"es_ES","og_type":"article","og_title":"M\u00e1quinas - FPC","og_description":"Limpie los gases de cocci\u00f3n que se desprenden del horneado durante su proceso de elaboraci\u00f3n de alimentos con las m\u00e1quinas FPC. Los olores desaparecen, las part\u00edculas finas y las gordas se separan y descomponen.","og_url":"https:\/\/www.foodprocessingconcepts.com\/es\/maquinas\/","og_site_name":"FPC","article_modified_time":"2024-03-29T09:47:49+00:00","twitter_card":"summary_large_image","twitter_misc":{"Tiempo de lectura":"2 minutos"},"schema":{"@context":"https:\/\/schema.org","@graph":[{"@type":"WebPage","@id":"https:\/\/www.foodprocessingconcepts.com\/es\/maquinas\/","url":"https:\/\/www.foodprocessingconcepts.com\/es\/maquinas\/","name":"M\u00e1quinas - FPC","isPartOf":{"@id":"https:\/\/www.foodprocessingconcepts.com\/#website"},"datePublished":"2022-11-07T06:18:23+00:00","dateModified":"2024-03-29T09:47:49+00:00","breadcrumb":{"@id":"https:\/\/www.foodprocessingconcepts.com\/es\/maquinas\/#breadcrumb"},"inLanguage":"es","potentialAction":[{"@type":"ReadAction","target":["https:\/\/www.foodprocessingconcepts.com\/es\/maquinas\/"]}]},{"@type":"BreadcrumbList","@id":"https:\/\/www.foodprocessingconcepts.com\/es\/maquinas\/#breadcrumb","itemListElement":[{"@type":"ListItem","position":1,"name":"Home","item":"https:\/\/www.foodprocessingconcepts.com\/es\/"},{"@type":"ListItem","position":2,"name":"M\u00e1quinas"}]},{"@type":"WebSite","@id":"https:\/\/www.foodprocessingconcepts.com\/#website","url":"https:\/\/www.foodprocessingconcepts.com\/","name":"FPC","description":"","potentialAction":[{"@type":"SearchAction","target":{"@type":"EntryPoint","urlTemplate":"https:\/\/www.foodprocessingconcepts.com\/?s={search_term_string}"},"query-input":{"@type":"PropertyValueSpecification","valueRequired":true,"valueName":"search_term_string"}}],"inLanguage":"es"}]}},"_links":{"self":[{"href":"https:\/\/www.foodprocessingconcepts.com\/es\/wp-json\/wp\/v2\/pages\/337","targetHints":{"allow":["GET"]}}],"collection":[{"href":"https:\/\/www.foodprocessingconcepts.com\/es\/wp-json\/wp\/v2\/pages"}],"about":[{"href":"https:\/\/www.foodprocessingconcepts.com\/es\/wp-json\/wp\/v2\/types\/page"}],"author":[{"embeddable":true,"href":"https:\/\/www.foodprocessingconcepts.com\/es\/wp-json\/wp\/v2\/users\/1"}],"replies":[{"embeddable":true,"href":"https:\/\/www.foodprocessingconcepts.com\/es\/wp-json\/wp\/v2\/comments?post=337"}],"version-history":[{"count":1,"href":"https:\/\/www.foodprocessingconcepts.com\/es\/wp-json\/wp\/v2\/pages\/337\/revisions"}],"predecessor-version":[{"id":1402,"href":"https:\/\/www.foodprocessingconcepts.com\/es\/wp-json\/wp\/v2\/pages\/337\/revisions\/1402"}],"wp:attachment":[{"href":"https:\/\/www.foodprocessingconcepts.com\/es\/wp-json\/wp\/v2\/media?parent=337"}],"curies":[{"name":"wp","href":"https:\/\/api.w.org\/{rel}","templated":true}]}}