{"id":359,"date":"2022-11-07T08:38:14","date_gmt":"2022-11-07T08:38:14","guid":{"rendered":"https:\/\/www.foodprocessingconcepts.com\/machines\/fpc-clean-air-optimizer-ac\/"},"modified":"2024-05-13T10:19:38","modified_gmt":"2024-05-13T10:19:38","slug":"fpc-clean-air-optimizer-ac","status":"publish","type":"page","link":"https:\/\/www.foodprocessingconcepts.com\/de\/maschinen\/fpc-clean-air-optimizer-ac\/","title":{"rendered":"FPC Clean Air Optimizer AC"},"content":{"rendered":"<p>Der <strong>FPC Clean Air Optimizer AC<\/strong> macht die Reinigung von Backd\u00e4mpfen nahezu optimal. Dieser Vorgang basiert auf dem ungef\u00e4hrlichen Produkt Aktivkohle, das sich hervorragend zur Adsorption eignet. Da die Aktivkohle w\u00e4hrend der Luftbehandlung immer mehr Gasmolek\u00fcle zur\u00fcckh\u00e4lt, wird die Luft immer sauberer. Die Geruchsemission wird dadurch praktisch ausgeschlossen.<\/p>\n","protected":false},"excerpt":{"rendered":"<p>Der FPC Clean Air Optimizer AC macht die Reinigung von Backd\u00e4mpfen nahezu optimal. Dieser Vorgang basiert auf dem ungef\u00e4hrlichen Produkt Aktivkohle, das sich hervorragend zur Adsorption eignet. Da die Aktivkohle w\u00e4hrend der Luftbehandlung immer mehr Gasmolek\u00fcle zur\u00fcckh\u00e4lt, wird die Luft immer sauberer. Die Geruchsemission wird dadurch praktisch ausgeschlossen.<\/p>\n","protected":false},"author":1,"featured_media":0,"parent":335,"menu_order":3,"comment_status":"closed","ping_status":"closed","template":"page-template\/template-single-machine-layout.php","meta":{"_acf_changed":false,"footnotes":""},"class_list":["post-359","page","type-page","status-publish","hentry"],"acf":[],"yoast_head":"<!-- This site is optimized with the Yoast SEO plugin v27.5 - https:\/\/yoast.com\/product\/yoast-seo-wordpress\/ -->\n<title>FPC Clean Air Optimizer AC - FPC<\/title>\n<meta name=\"robots\" content=\"index, follow, max-snippet:-1, max-image-preview:large, max-video-preview:-1\" \/>\n<link rel=\"canonical\" href=\"https:\/\/www.foodprocessingconcepts.com\/de\/maschinen\/fpc-clean-air-optimizer-ac\/\" \/>\n<meta property=\"og:locale\" content=\"de_DE\" \/>\n<meta property=\"og:type\" content=\"article\" \/>\n<meta property=\"og:title\" content=\"FPC Clean Air Optimizer AC - FPC\" \/>\n<meta property=\"og:description\" content=\"Der FPC Clean Air Optimizer AC macht die Reinigung von Backd\u00e4mpfen nahezu optimal. Dieser Vorgang basiert auf dem ungef\u00e4hrlichen Produkt Aktivkohle, das sich hervorragend zur Adsorption eignet. Da die Aktivkohle w\u00e4hrend der Luftbehandlung immer mehr Gasmolek\u00fcle zur\u00fcckh\u00e4lt, wird die Luft immer sauberer. Die Geruchsemission wird dadurch praktisch ausgeschlossen.\" \/>\n<meta property=\"og:url\" content=\"https:\/\/www.foodprocessingconcepts.com\/de\/maschinen\/fpc-clean-air-optimizer-ac\/\" \/>\n<meta property=\"og:site_name\" content=\"FPC\" \/>\n<meta property=\"article:modified_time\" content=\"2024-05-13T10:19:38+00:00\" \/>\n<meta name=\"twitter:card\" content=\"summary_large_image\" \/>\n<meta name=\"twitter:label1\" content=\"Gesch\u00e4tzte Lesezeit\" \/>\n\t<meta name=\"twitter:data1\" content=\"2\u00a0Minuten\" \/>\n<script type=\"application\/ld+json\" class=\"yoast-schema-graph\">{\"@context\":\"https:\\\/\\\/schema.org\",\"@graph\":[{\"@type\":\"WebPage\",\"@id\":\"https:\\\/\\\/www.foodprocessingconcepts.com\\\/de\\\/maschinen\\\/fpc-clean-air-optimizer-ac\\\/\",\"url\":\"https:\\\/\\\/www.foodprocessingconcepts.com\\\/de\\\/maschinen\\\/fpc-clean-air-optimizer-ac\\\/\",\"name\":\"FPC Clean Air Optimizer AC - FPC\",\"isPartOf\":{\"@id\":\"https:\\\/\\\/www.foodprocessingconcepts.com\\\/#website\"},\"datePublished\":\"2022-11-07T08:38:14+00:00\",\"dateModified\":\"2024-05-13T10:19:38+00:00\",\"breadcrumb\":{\"@id\":\"https:\\\/\\\/www.foodprocessingconcepts.com\\\/de\\\/maschinen\\\/fpc-clean-air-optimizer-ac\\\/#breadcrumb\"},\"inLanguage\":\"de\",\"potentialAction\":[{\"@type\":\"ReadAction\",\"target\":[\"https:\\\/\\\/www.foodprocessingconcepts.com\\\/de\\\/maschinen\\\/fpc-clean-air-optimizer-ac\\\/\"]}]},{\"@type\":\"BreadcrumbList\",\"@id\":\"https:\\\/\\\/www.foodprocessingconcepts.com\\\/de\\\/maschinen\\\/fpc-clean-air-optimizer-ac\\\/#breadcrumb\",\"itemListElement\":[{\"@type\":\"ListItem\",\"position\":1,\"name\":\"Home\",\"item\":\"https:\\\/\\\/www.foodprocessingconcepts.com\\\/de\\\/\"},{\"@type\":\"ListItem\",\"position\":2,\"name\":\"Maschinen\",\"item\":\"https:\\\/\\\/www.foodprocessingconcepts.com\\\/de\\\/maschinen\\\/\"},{\"@type\":\"ListItem\",\"position\":3,\"name\":\"FPC Clean Air Optimizer AC\"}]},{\"@type\":\"WebSite\",\"@id\":\"https:\\\/\\\/www.foodprocessingconcepts.com\\\/#website\",\"url\":\"https:\\\/\\\/www.foodprocessingconcepts.com\\\/\",\"name\":\"FPC\",\"description\":\"\",\"potentialAction\":[{\"@type\":\"SearchAction\",\"target\":{\"@type\":\"EntryPoint\",\"urlTemplate\":\"https:\\\/\\\/www.foodprocessingconcepts.com\\\/?s={search_term_string}\"},\"query-input\":{\"@type\":\"PropertyValueSpecification\",\"valueRequired\":true,\"valueName\":\"search_term_string\"}}],\"inLanguage\":\"de\"}]}<\/script>\n<!-- \/ Yoast SEO plugin. -->","yoast_head_json":{"title":"FPC Clean Air Optimizer AC - FPC","robots":{"index":"index","follow":"follow","max-snippet":"max-snippet:-1","max-image-preview":"max-image-preview:large","max-video-preview":"max-video-preview:-1"},"canonical":"https:\/\/www.foodprocessingconcepts.com\/de\/maschinen\/fpc-clean-air-optimizer-ac\/","og_locale":"de_DE","og_type":"article","og_title":"FPC Clean Air Optimizer AC - FPC","og_description":"Der FPC Clean Air Optimizer AC macht die Reinigung von Backd\u00e4mpfen nahezu optimal. Dieser Vorgang basiert auf dem ungef\u00e4hrlichen Produkt Aktivkohle, das sich hervorragend zur Adsorption eignet. Da die Aktivkohle w\u00e4hrend der Luftbehandlung immer mehr Gasmolek\u00fcle zur\u00fcckh\u00e4lt, wird die Luft immer sauberer. Die Geruchsemission wird dadurch praktisch ausgeschlossen.","og_url":"https:\/\/www.foodprocessingconcepts.com\/de\/maschinen\/fpc-clean-air-optimizer-ac\/","og_site_name":"FPC","article_modified_time":"2024-05-13T10:19:38+00:00","twitter_card":"summary_large_image","twitter_misc":{"Gesch\u00e4tzte Lesezeit":"2\u00a0Minuten"},"schema":{"@context":"https:\/\/schema.org","@graph":[{"@type":"WebPage","@id":"https:\/\/www.foodprocessingconcepts.com\/de\/maschinen\/fpc-clean-air-optimizer-ac\/","url":"https:\/\/www.foodprocessingconcepts.com\/de\/maschinen\/fpc-clean-air-optimizer-ac\/","name":"FPC Clean Air Optimizer AC - FPC","isPartOf":{"@id":"https:\/\/www.foodprocessingconcepts.com\/#website"},"datePublished":"2022-11-07T08:38:14+00:00","dateModified":"2024-05-13T10:19:38+00:00","breadcrumb":{"@id":"https:\/\/www.foodprocessingconcepts.com\/de\/maschinen\/fpc-clean-air-optimizer-ac\/#breadcrumb"},"inLanguage":"de","potentialAction":[{"@type":"ReadAction","target":["https:\/\/www.foodprocessingconcepts.com\/de\/maschinen\/fpc-clean-air-optimizer-ac\/"]}]},{"@type":"BreadcrumbList","@id":"https:\/\/www.foodprocessingconcepts.com\/de\/maschinen\/fpc-clean-air-optimizer-ac\/#breadcrumb","itemListElement":[{"@type":"ListItem","position":1,"name":"Home","item":"https:\/\/www.foodprocessingconcepts.com\/de\/"},{"@type":"ListItem","position":2,"name":"Maschinen","item":"https:\/\/www.foodprocessingconcepts.com\/de\/maschinen\/"},{"@type":"ListItem","position":3,"name":"FPC Clean Air Optimizer AC"}]},{"@type":"WebSite","@id":"https:\/\/www.foodprocessingconcepts.com\/#website","url":"https:\/\/www.foodprocessingconcepts.com\/","name":"FPC","description":"","potentialAction":[{"@type":"SearchAction","target":{"@type":"EntryPoint","urlTemplate":"https:\/\/www.foodprocessingconcepts.com\/?s={search_term_string}"},"query-input":{"@type":"PropertyValueSpecification","valueRequired":true,"valueName":"search_term_string"}}],"inLanguage":"de"}]}},"_links":{"self":[{"href":"https:\/\/www.foodprocessingconcepts.com\/de\/wp-json\/wp\/v2\/pages\/359","targetHints":{"allow":["GET"]}}],"collection":[{"href":"https:\/\/www.foodprocessingconcepts.com\/de\/wp-json\/wp\/v2\/pages"}],"about":[{"href":"https:\/\/www.foodprocessingconcepts.com\/de\/wp-json\/wp\/v2\/types\/page"}],"author":[{"embeddable":true,"href":"https:\/\/www.foodprocessingconcepts.com\/de\/wp-json\/wp\/v2\/users\/1"}],"replies":[{"embeddable":true,"href":"https:\/\/www.foodprocessingconcepts.com\/de\/wp-json\/wp\/v2\/comments?post=359"}],"version-history":[{"count":3,"href":"https:\/\/www.foodprocessingconcepts.com\/de\/wp-json\/wp\/v2\/pages\/359\/revisions"}],"predecessor-version":[{"id":1506,"href":"https:\/\/www.foodprocessingconcepts.com\/de\/wp-json\/wp\/v2\/pages\/359\/revisions\/1506"}],"up":[{"embeddable":true,"href":"https:\/\/www.foodprocessingconcepts.com\/de\/wp-json\/wp\/v2\/pages\/335"}],"wp:attachment":[{"href":"https:\/\/www.foodprocessingconcepts.com\/de\/wp-json\/wp\/v2\/media?parent=359"}],"curies":[{"name":"wp","href":"https:\/\/api.w.org\/{rel}","templated":true}]}}