{"id":343,"date":"2022-11-07T08:37:45","date_gmt":"2022-11-07T08:37:45","guid":{"rendered":"https:\/\/www.foodprocessingconcepts.com\/machines\/fpc-clean-air-act\/"},"modified":"2024-03-28T10:51:15","modified_gmt":"2024-03-28T10:51:15","slug":"fpc-clean-air-act","status":"publish","type":"page","link":"https:\/\/www.foodprocessingconcepts.com\/de\/maschinen\/fpc-clean-air-act\/","title":{"rendered":"FPC Clean Air Act"},"content":{"rendered":"<p>Der <strong>FPC Clean Air Act<\/strong>: die Maschine, mit der 2005 alles begann. Diese Version bildet auch heute noch die Grundlage f\u00fcr jedes System &#8211; und das aus gutem Grund. Ein stufenlos regulierbarer Ventilator saugt die D\u00e4mpfe ab und filtert anschlie\u00dfend Geruchstr\u00e4ger und Fettpartikel heraus. Durch die hohe Effizienz ist alleine durch dieses Ger\u00e4t eine gr\u00fcndliche Reinigung von Backd\u00e4mpfen gew\u00e4hrleistet.<\/p>\n","protected":false},"excerpt":{"rendered":"<p>Der FPC Clean Air Act: die Maschine, mit der 2005 alles begann. Diese Version bildet auch heute noch die Grundlage f\u00fcr jedes System &#8211; und das aus gutem Grund. Ein stufenlos regulierbarer Ventilator saugt die D\u00e4mpfe ab und filtert anschlie\u00dfend Geruchstr\u00e4ger und Fettpartikel heraus. Durch die hohe Effizienz ist alleine durch dieses Ger\u00e4t eine gr\u00fcndliche [&hellip;]<\/p>\n","protected":false},"author":1,"featured_media":0,"parent":335,"menu_order":1,"comment_status":"closed","ping_status":"closed","template":"page-template\/template-single-machine-layout.php","meta":{"_acf_changed":false,"footnotes":""},"class_list":["post-343","page","type-page","status-publish","hentry"],"acf":[],"yoast_head":"<!-- This site is optimized with the Yoast SEO plugin v27.5 - https:\/\/yoast.com\/product\/yoast-seo-wordpress\/ -->\n<title>FPC Clean Air Act - FPC<\/title>\n<meta name=\"robots\" content=\"index, follow, max-snippet:-1, max-image-preview:large, max-video-preview:-1\" \/>\n<link rel=\"canonical\" href=\"https:\/\/www.foodprocessingconcepts.com\/de\/maschinen\/fpc-clean-air-act\/\" \/>\n<meta property=\"og:locale\" content=\"de_DE\" \/>\n<meta property=\"og:type\" content=\"article\" \/>\n<meta property=\"og:title\" content=\"FPC Clean Air Act - FPC\" \/>\n<meta property=\"og:description\" content=\"Der FPC Clean Air Act: die Maschine, mit der 2005 alles begann. Diese Version bildet auch heute noch die Grundlage f\u00fcr jedes System &#8211; und das aus gutem Grund. Ein stufenlos regulierbarer Ventilator saugt die D\u00e4mpfe ab und filtert anschlie\u00dfend Geruchstr\u00e4ger und Fettpartikel heraus. Durch die hohe Effizienz ist alleine durch dieses Ger\u00e4t eine gr\u00fcndliche [&hellip;]\" \/>\n<meta property=\"og:url\" content=\"https:\/\/www.foodprocessingconcepts.com\/de\/maschinen\/fpc-clean-air-act\/\" \/>\n<meta property=\"og:site_name\" content=\"FPC\" \/>\n<meta property=\"article:modified_time\" content=\"2024-03-28T10:51:15+00:00\" \/>\n<meta name=\"twitter:card\" content=\"summary_large_image\" \/>\n<meta name=\"twitter:label1\" content=\"Gesch\u00e4tzte Lesezeit\" \/>\n\t<meta name=\"twitter:data1\" content=\"1\u00a0Minute\" \/>\n<script type=\"application\/ld+json\" class=\"yoast-schema-graph\">{\"@context\":\"https:\\\/\\\/schema.org\",\"@graph\":[{\"@type\":\"WebPage\",\"@id\":\"https:\\\/\\\/www.foodprocessingconcepts.com\\\/de\\\/maschinen\\\/fpc-clean-air-act\\\/\",\"url\":\"https:\\\/\\\/www.foodprocessingconcepts.com\\\/de\\\/maschinen\\\/fpc-clean-air-act\\\/\",\"name\":\"FPC Clean Air Act - FPC\",\"isPartOf\":{\"@id\":\"https:\\\/\\\/www.foodprocessingconcepts.com\\\/#website\"},\"datePublished\":\"2022-11-07T08:37:45+00:00\",\"dateModified\":\"2024-03-28T10:51:15+00:00\",\"breadcrumb\":{\"@id\":\"https:\\\/\\\/www.foodprocessingconcepts.com\\\/de\\\/maschinen\\\/fpc-clean-air-act\\\/#breadcrumb\"},\"inLanguage\":\"de\",\"potentialAction\":[{\"@type\":\"ReadAction\",\"target\":[\"https:\\\/\\\/www.foodprocessingconcepts.com\\\/de\\\/maschinen\\\/fpc-clean-air-act\\\/\"]}]},{\"@type\":\"BreadcrumbList\",\"@id\":\"https:\\\/\\\/www.foodprocessingconcepts.com\\\/de\\\/maschinen\\\/fpc-clean-air-act\\\/#breadcrumb\",\"itemListElement\":[{\"@type\":\"ListItem\",\"position\":1,\"name\":\"Home\",\"item\":\"https:\\\/\\\/www.foodprocessingconcepts.com\\\/de\\\/\"},{\"@type\":\"ListItem\",\"position\":2,\"name\":\"Maschinen\",\"item\":\"https:\\\/\\\/www.foodprocessingconcepts.com\\\/de\\\/maschinen\\\/\"},{\"@type\":\"ListItem\",\"position\":3,\"name\":\"FPC Clean Air Act\"}]},{\"@type\":\"WebSite\",\"@id\":\"https:\\\/\\\/www.foodprocessingconcepts.com\\\/#website\",\"url\":\"https:\\\/\\\/www.foodprocessingconcepts.com\\\/\",\"name\":\"FPC\",\"description\":\"\",\"potentialAction\":[{\"@type\":\"SearchAction\",\"target\":{\"@type\":\"EntryPoint\",\"urlTemplate\":\"https:\\\/\\\/www.foodprocessingconcepts.com\\\/?s={search_term_string}\"},\"query-input\":{\"@type\":\"PropertyValueSpecification\",\"valueRequired\":true,\"valueName\":\"search_term_string\"}}],\"inLanguage\":\"de\"}]}<\/script>\n<!-- \/ Yoast SEO plugin. -->","yoast_head_json":{"title":"FPC Clean Air Act - FPC","robots":{"index":"index","follow":"follow","max-snippet":"max-snippet:-1","max-image-preview":"max-image-preview:large","max-video-preview":"max-video-preview:-1"},"canonical":"https:\/\/www.foodprocessingconcepts.com\/de\/maschinen\/fpc-clean-air-act\/","og_locale":"de_DE","og_type":"article","og_title":"FPC Clean Air Act - FPC","og_description":"Der FPC Clean Air Act: die Maschine, mit der 2005 alles begann. Diese Version bildet auch heute noch die Grundlage f\u00fcr jedes System &#8211; und das aus gutem Grund. Ein stufenlos regulierbarer Ventilator saugt die D\u00e4mpfe ab und filtert anschlie\u00dfend Geruchstr\u00e4ger und Fettpartikel heraus. Durch die hohe Effizienz ist alleine durch dieses Ger\u00e4t eine gr\u00fcndliche [&hellip;]","og_url":"https:\/\/www.foodprocessingconcepts.com\/de\/maschinen\/fpc-clean-air-act\/","og_site_name":"FPC","article_modified_time":"2024-03-28T10:51:15+00:00","twitter_card":"summary_large_image","twitter_misc":{"Gesch\u00e4tzte Lesezeit":"1\u00a0Minute"},"schema":{"@context":"https:\/\/schema.org","@graph":[{"@type":"WebPage","@id":"https:\/\/www.foodprocessingconcepts.com\/de\/maschinen\/fpc-clean-air-act\/","url":"https:\/\/www.foodprocessingconcepts.com\/de\/maschinen\/fpc-clean-air-act\/","name":"FPC Clean Air Act - FPC","isPartOf":{"@id":"https:\/\/www.foodprocessingconcepts.com\/#website"},"datePublished":"2022-11-07T08:37:45+00:00","dateModified":"2024-03-28T10:51:15+00:00","breadcrumb":{"@id":"https:\/\/www.foodprocessingconcepts.com\/de\/maschinen\/fpc-clean-air-act\/#breadcrumb"},"inLanguage":"de","potentialAction":[{"@type":"ReadAction","target":["https:\/\/www.foodprocessingconcepts.com\/de\/maschinen\/fpc-clean-air-act\/"]}]},{"@type":"BreadcrumbList","@id":"https:\/\/www.foodprocessingconcepts.com\/de\/maschinen\/fpc-clean-air-act\/#breadcrumb","itemListElement":[{"@type":"ListItem","position":1,"name":"Home","item":"https:\/\/www.foodprocessingconcepts.com\/de\/"},{"@type":"ListItem","position":2,"name":"Maschinen","item":"https:\/\/www.foodprocessingconcepts.com\/de\/maschinen\/"},{"@type":"ListItem","position":3,"name":"FPC Clean Air Act"}]},{"@type":"WebSite","@id":"https:\/\/www.foodprocessingconcepts.com\/#website","url":"https:\/\/www.foodprocessingconcepts.com\/","name":"FPC","description":"","potentialAction":[{"@type":"SearchAction","target":{"@type":"EntryPoint","urlTemplate":"https:\/\/www.foodprocessingconcepts.com\/?s={search_term_string}"},"query-input":{"@type":"PropertyValueSpecification","valueRequired":true,"valueName":"search_term_string"}}],"inLanguage":"de"}]}},"_links":{"self":[{"href":"https:\/\/www.foodprocessingconcepts.com\/de\/wp-json\/wp\/v2\/pages\/343","targetHints":{"allow":["GET"]}}],"collection":[{"href":"https:\/\/www.foodprocessingconcepts.com\/de\/wp-json\/wp\/v2\/pages"}],"about":[{"href":"https:\/\/www.foodprocessingconcepts.com\/de\/wp-json\/wp\/v2\/types\/page"}],"author":[{"embeddable":true,"href":"https:\/\/www.foodprocessingconcepts.com\/de\/wp-json\/wp\/v2\/users\/1"}],"replies":[{"embeddable":true,"href":"https:\/\/www.foodprocessingconcepts.com\/de\/wp-json\/wp\/v2\/comments?post=343"}],"version-history":[{"count":0,"href":"https:\/\/www.foodprocessingconcepts.com\/de\/wp-json\/wp\/v2\/pages\/343\/revisions"}],"up":[{"embeddable":true,"href":"https:\/\/www.foodprocessingconcepts.com\/de\/wp-json\/wp\/v2\/pages\/335"}],"wp:attachment":[{"href":"https:\/\/www.foodprocessingconcepts.com\/de\/wp-json\/wp\/v2\/media?parent=343"}],"curies":[{"name":"wp","href":"https:\/\/api.w.org\/{rel}","templated":true}]}}